{"id":959,"date":"2023-05-03T15:45:01","date_gmt":"2023-05-03T13:45:01","guid":{"rendered":"http:\/\/clemonte-hotel.com.dedi2578.your-server.de\/clemonte23\/?page_id=959"},"modified":"2026-03-25T10:00:31","modified_gmt":"2026-03-25T09:00:31","slug":"home","status":"publish","type":"page","link":"https:\/\/clemonte-hotel.com\/en\/","title":{"rendered":"HOME"},"content":{"rendered":"\t\t<div data-elementor-type=\"wp-page\" data-elementor-id=\"959\" class=\"elementor elementor-959\" data-elementor-post-type=\"page\">\n\t\t\t\t<div class=\"elementor-element elementor-element-76d33c39 e-flex e-con-boxed e-con e-parent\" data-id=\"76d33c39\" data-element_type=\"container\" data-e-type=\"container\">\n\t\t\t\t\t<div class=\"e-con-inner\">\n\t\t<div class=\"elementor-element elementor-element-df76057 e-con-full e-flex e-con e-child\" data-id=\"df76057\" data-element_type=\"container\" data-e-type=\"container\" data-settings=\"{&quot;background_background&quot;:&quot;classic&quot;,&quot;background_motion_fx_motion_fx_scrolling&quot;:&quot;yes&quot;,&quot;background_motion_fx_translateY_effect&quot;:&quot;yes&quot;,&quot;background_motion_fx_translateY_speed&quot;:{&quot;unit&quot;:&quot;px&quot;,&quot;size&quot;:4,&quot;sizes&quot;:[]},&quot;background_motion_fx_translateY_affectedRange&quot;:{&quot;unit&quot;:&quot;%&quot;,&quot;size&quot;:&quot;&quot;,&quot;sizes&quot;:{&quot;start&quot;:0,&quot;end&quot;:100}},&quot;background_motion_fx_devices&quot;:[&quot;desktop&quot;,&quot;tablet&quot;,&quot;mobile&quot;]}\">\n\t\t<div class=\"elementor-element elementor-element-26e9078 e-con-full e-flex e-con e-child\" data-id=\"26e9078\" data-element_type=\"container\" data-e-type=\"container\" data-settings=\"{&quot;background_background&quot;:&quot;classic&quot;}\">\n\t\t\t\t<\/div>\n\t\t\t\t<\/div>\n\t\t\t\t\t<\/div>\n\t\t\t\t<\/div>\n\t\t<div class=\"elementor-element elementor-element-c8d3b60 e-flex e-con-boxed e-con e-parent\" data-id=\"c8d3b60\" data-element_type=\"container\" data-e-type=\"container\">\n\t\t\t\t\t<div class=\"e-con-inner\">\n\t\t\t\t<div class=\"elementor-element elementor-element-3ae5efc elementor-widget elementor-widget-heading\" data-id=\"3ae5efc\" data-element_type=\"widget\" data-e-type=\"widget\" data-widget_type=\"heading.default\">\n\t\t\t\t<div class=\"elementor-widget-container\">\n\t\t\t\t\t<h2 class=\"elementor-heading-title elementor-size-default\">Add Your Heading Text Here<\/h2>\t\t\t\t<\/div>\n\t\t\t\t<\/div>\n\t\t\t\t<div class=\"elementor-element elementor-element-7693f6f elementor-widget elementor-widget-heading\" data-id=\"7693f6f\" data-element_type=\"widget\" data-e-type=\"widget\" data-widget_type=\"heading.default\">\n\t\t\t\t<div class=\"elementor-widget-container\">\n\t\t\t\t\t<h2 class=\"elementor-heading-title elementor-size-default\">YOUR RECEPTION-LESS BOUTIQUE HIDEAWAY.<\/h2>\t\t\t\t<\/div>\n\t\t\t\t<\/div>\n\t\t<div class=\"elementor-element elementor-element-93d1f6a e-flex e-con-boxed e-con e-child\" data-id=\"93d1f6a\" data-element_type=\"container\" data-e-type=\"container\">\n\t\t\t\t\t<div class=\"e-con-inner\">\n\t\t\t\t<div class=\"elementor-element elementor-element-d202e74 elementor-widget elementor-widget-text-editor\" data-id=\"d202e74\" data-element_type=\"widget\" data-e-type=\"widget\" data-widget_type=\"text-editor.default\">\n\t\t\t\t<div class=\"elementor-widget-container\">\n\t\t\t\t\t\t\t\t\t<p>Treten Sie ein in eine Welt charmanten Luxus und lassen Sie sich von unserem einzigartigen Hotel begeistern. In unserem Haus erwartet Sie eine harmonische Mischung aus zeitgen\u00f6ssischer Eleganz und stilvollen Details, die jeden Raum zu einem inspirierenden Erlebnis machen.<\/p><p>Unser Hotel will mehr sein als nur eine Unterkunft &#8211; es ist ein Ort, an dem Sie Ihre Sinne beleben und Ihren Aufenthalt in Salzburg zu etwas Au\u00dfergew\u00f6hnlichem machen k\u00f6nnen. Jedes Zimmer und jede Suite wurde sorgf\u00e4ltig und liebevoll gestaltet, um Ihnen einen R\u00fcckzugsort voller Komfort und Entspannung zu bieten. Tauchen Sie ein in die unvergleichliche Atmosph\u00e4re und lassen Sie sich von der \u00c4sthetik unserer R\u00e4ume inspirieren.\u00a0<\/p>\t\t\t\t\t\t\t\t<\/div>\n\t\t\t\t<\/div>\n\t\t\t\t<div class=\"elementor-element elementor-element-7fd965f elementor-align-center elementor-widget elementor-widget-button\" data-id=\"7fd965f\" data-element_type=\"widget\" data-e-type=\"widget\" data-widget_type=\"button.default\">\n\t\t\t\t<div class=\"elementor-widget-container\">\n\t\t\t\t\t\t\t\t\t<div class=\"elementor-button-wrapper\">\n\t\t\t\t\t<a class=\"elementor-button elementor-button-link elementor-size-sm\" href=\"https:\/\/hotels.cloudbeds.com\/de\/reservation\/vmX78J?currency=eur\" target=\"_blank\">\n\t\t\t\t\t\t<span class=\"elementor-button-content-wrapper\">\n\t\t\t\t\t\t\t\t\t<span class=\"elementor-button-text\">BOOK NOW <\/span>\n\t\t\t\t\t<\/span>\n\t\t\t\t\t<\/a>\n\t\t\t\t<\/div>\n\t\t\t\t\t\t\t\t<\/div>\n\t\t\t\t<\/div>\n\t\t\t\t\t<\/div>\n\t\t\t\t<\/div>\n\t\t\t\t\t<\/div>\n\t\t\t\t<\/div>\n\t\t<div class=\"elementor-element elementor-element-1e278385 e-con-full e-flex e-con e-parent\" data-id=\"1e278385\" data-element_type=\"container\" data-e-type=\"container\" data-settings=\"{&quot;background_background&quot;:&quot;classic&quot;}\">\n\t\t<div class=\"elementor-element elementor-element-3a50a85a e-flex e-con-boxed e-con e-child\" data-id=\"3a50a85a\" data-element_type=\"container\" data-e-type=\"container\">\n\t\t\t\t\t<div class=\"e-con-inner\">\n\t\t<div class=\"elementor-element elementor-element-152b6745 e-con-full animated-fast e-flex elementor-invisible e-con e-child\" data-id=\"152b6745\" data-element_type=\"container\" data-e-type=\"container\" data-settings=\"{&quot;animation&quot;:&quot;fadeInUp&quot;,&quot;animation_delay&quot;:0}\">\n\t\t<a class=\"elementor-element elementor-element-a063e30 e-flex e-con-boxed e-con e-child\" data-id=\"a063e30\" data-element_type=\"container\" data-e-type=\"container\" data-settings=\"{&quot;background_background&quot;:&quot;classic&quot;}\" href=\"https:\/\/clemonte-hotel.com\/en\/rooms\/the-luxe-apartment\/\">\n\t\t\t\t\t<div class=\"e-con-inner\">\n\t\t\t\t\t<\/div>\n\t\t\t\t<\/a>\n\t\t\t\t<div class=\"elementor-element elementor-element-5403951 elementor-widget elementor-widget-heading\" data-id=\"5403951\" data-element_type=\"widget\" data-e-type=\"widget\" data-widget_type=\"heading.default\">\n\t\t\t\t<div class=\"elementor-widget-container\">\n\t\t\t\t\t<h2 class=\"elementor-heading-title elementor-size-default\">THE LUXE TERRACE<br \/>\nAPARTMENT<\/h2>\t\t\t\t<\/div>\n\t\t\t\t<\/div>\n\t\t\t\t<div class=\"elementor-element elementor-element-bad4ec1 elementor-widget elementor-widget-text-editor\" data-id=\"bad4ec1\" data-element_type=\"widget\" data-e-type=\"widget\" data-widget_type=\"text-editor.default\">\n\t\t\t\t<div class=\"elementor-widget-container\">\n\t\t\t\t\t\t\t\t\t<p>Unser Luxe Terrace Apartment \u00a0&#8211; wo Sie mit Ihren Liebsten nach kostbaren Salzburg-Erinnerungen entspannen k\u00f6nnen.<\/p>\t\t\t\t\t\t\t\t<\/div>\n\t\t\t\t<\/div>\n\t\t\t\t<\/div>\n\t\t<div class=\"elementor-element elementor-element-da1fc5a e-con-full e-flex elementor-invisible e-con e-child\" data-id=\"da1fc5a\" data-element_type=\"container\" data-e-type=\"container\" data-settings=\"{&quot;animation&quot;:&quot;fadeInUp&quot;,&quot;animation_delay&quot;:200}\">\n\t\t<a class=\"elementor-element elementor-element-e6eb33f e-flex e-con-boxed e-con e-child\" data-id=\"e6eb33f\" data-element_type=\"container\" data-e-type=\"container\" data-settings=\"{&quot;background_background&quot;:&quot;classic&quot;}\" href=\"https:\/\/clemonte-hotel.com\/en\/rooms\/the-green-apartment\/\">\n\t\t\t\t\t<div class=\"e-con-inner\">\n\t\t\t\t\t<\/div>\n\t\t\t\t<\/a>\n\t\t\t\t<div class=\"elementor-element elementor-element-19ebcbe elementor-widget elementor-widget-heading\" data-id=\"19ebcbe\" data-element_type=\"widget\" data-e-type=\"widget\" data-widget_type=\"heading.default\">\n\t\t\t\t<div class=\"elementor-widget-container\">\n\t\t\t\t\t<h2 class=\"elementor-heading-title elementor-size-default\">THE GREEN<br>ATTIC<\/h2>\t\t\t\t<\/div>\n\t\t\t\t<\/div>\n\t\t\t\t<div class=\"elementor-element elementor-element-a2b4b8e elementor-widget elementor-widget-text-editor\" data-id=\"a2b4b8e\" data-element_type=\"widget\" data-e-type=\"widget\" data-widget_type=\"text-editor.default\">\n\t\t\t\t<div class=\"elementor-widget-container\">\n\t\t\t\t\t\t\t\t\t<div class=\"group w-full text-gray-800 dark:text-gray-100 border-b border-black\/10 dark:border-gray-900\/50 bg-gray-50 dark:bg-[#444654]\"><div class=\"flex p-4 gap-4 text-base md:gap-6 md:max-w-2xl lg:max-w-[38rem] xl:max-w-3xl md:py-6 lg:px-0 m-auto\"><div class=\"relative flex w-[calc(100%-50px)] flex-col gap-1 md:gap-3 lg:w-[calc(100%-115px)]\"><div class=\"flex flex-grow flex-col gap-3\"><div class=\"min-h-[20px] flex flex-col items-start gap-4 whitespace-pre-wrap break-words\"><div class=\"markdown prose w-full break-words dark:prose-invert light\"><p>Gem\u00fctlicher R\u00fcckzugsort f\u00fcr unvergessliche Abenteuer &#8211; Ihre ganz pers\u00f6nliche Wohlf\u00fchloase.<\/p><\/div><\/div><\/div><\/div><\/div><\/div>\t\t\t\t\t\t\t\t<\/div>\n\t\t\t\t<\/div>\n\t\t\t\t<\/div>\n\t\t<div class=\"elementor-element elementor-element-6b3ffe6 e-con-full e-flex elementor-invisible e-con e-child\" data-id=\"6b3ffe6\" data-element_type=\"container\" data-e-type=\"container\" data-settings=\"{&quot;animation&quot;:&quot;fadeInUp&quot;,&quot;animation_delay&quot;:300}\">\n\t\t<a class=\"elementor-element elementor-element-253c5cd e-flex e-con-boxed e-con e-child\" data-id=\"253c5cd\" data-element_type=\"container\" data-e-type=\"container\" data-settings=\"{&quot;background_background&quot;:&quot;classic&quot;}\" href=\"https:\/\/clemonte-hotel.com\/en\/rooms\/the-luxe-cozy\/\">\n\t\t\t\t\t<div class=\"e-con-inner\">\n\t\t\t\t\t<\/div>\n\t\t\t\t<\/a>\n\t\t\t\t<div class=\"elementor-element elementor-element-946e2cc elementor-widget elementor-widget-heading\" data-id=\"946e2cc\" data-element_type=\"widget\" data-e-type=\"widget\" data-widget_type=\"heading.default\">\n\t\t\t\t<div class=\"elementor-widget-container\">\n\t\t\t\t\t<h2 class=\"elementor-heading-title elementor-size-default\">THE LUXE<br \/>\nCOZY<\/h2>\t\t\t\t<\/div>\n\t\t\t\t<\/div>\n\t\t\t\t<div class=\"elementor-element elementor-element-d36bb38 elementor-widget elementor-widget-text-editor\" data-id=\"d36bb38\" data-element_type=\"widget\" data-e-type=\"widget\" data-widget_type=\"text-editor.default\">\n\t\t\t\t<div class=\"elementor-widget-container\">\n\t\t\t\t\t\t\t\t\t<p>Kunstvolle Dekoration, dunkle W\u00e4nde &#8211; ein luxuri\u00f6ses, inspirierendes und entspannendes Zimmer.<\/p>\t\t\t\t\t\t\t\t<\/div>\n\t\t\t\t<\/div>\n\t\t\t\t<\/div>\n\t\t\t\t\t<\/div>\n\t\t\t\t<\/div>\n\t\t\t\t<\/div>\n\t\t<div class=\"elementor-element elementor-element-2407370 e-flex e-con-boxed e-con e-parent\" data-id=\"2407370\" data-element_type=\"container\" data-e-type=\"container\" data-settings=\"{&quot;background_background&quot;:&quot;classic&quot;}\">\n\t\t\t\t\t<div class=\"e-con-inner\">\n\t\t<div class=\"elementor-element elementor-element-d746bec e-con-full e-flex e-con e-child\" data-id=\"d746bec\" data-element_type=\"container\" data-e-type=\"container\">\n\t\t\t\t<div class=\"elementor-element elementor-element-1a2c3ba elementor-widget elementor-widget-heading\" data-id=\"1a2c3ba\" data-element_type=\"widget\" data-e-type=\"widget\" data-widget_type=\"heading.default\">\n\t\t\t\t<div class=\"elementor-widget-container\">\n\t\t\t\t\t<h2 class=\"elementor-heading-title elementor-size-default\">EIN EHRENWERTES HAUS<\/h2>\t\t\t\t<\/div>\n\t\t\t\t<\/div>\n\t\t\t\t<div class=\"elementor-element elementor-element-8f94a14 elementor-widget elementor-widget-text-editor\" data-id=\"8f94a14\" data-element_type=\"widget\" data-e-type=\"widget\" data-widget_type=\"text-editor.default\">\n\t\t\t\t<div class=\"elementor-widget-container\">\n\t\t\t\t\t\t\t\t\t<p>In Salzburg erwartet Sie ein entz\u00fcckendes Stadthaus, das sich durch einen gem\u00fctlichen, vintage-like Einrichtungsstil auszeichnet. Dieses Haus birgt viele spezielle Ecken und Nischen, die zum Entdecken und Verweilen einladen. Tauchen Sie ein in den Charme vergangener Zeiten und erleben Sie einen Aufenthalt voller nostalgischer Atmosph\u00e4re und einzigartiger Winkel.<\/p>\t\t\t\t\t\t\t\t<\/div>\n\t\t\t\t<\/div>\n\t\t\t\t<div class=\"elementor-element elementor-element-79865ce elementor-align-center elementor-widget elementor-widget-button\" data-id=\"79865ce\" data-element_type=\"widget\" data-e-type=\"widget\" data-widget_type=\"button.default\">\n\t\t\t\t<div class=\"elementor-widget-container\">\n\t\t\t\t\t\t\t\t\t<div class=\"elementor-button-wrapper\">\n\t\t\t\t\t<a class=\"elementor-button elementor-button-link elementor-size-sm\" href=\"https:\/\/hotels.cloudbeds.com\/de\/reservation\/vmX78J?currency=eur\" target=\"_blank\">\n\t\t\t\t\t\t<span class=\"elementor-button-content-wrapper\">\n\t\t\t\t\t\t\t\t\t<span class=\"elementor-button-text\">BOOK NOW<\/span>\n\t\t\t\t\t<\/span>\n\t\t\t\t\t<\/a>\n\t\t\t\t<\/div>\n\t\t\t\t\t\t\t\t<\/div>\n\t\t\t\t<\/div>\n\t\t\t\t<\/div>\n\t\t<div class=\"elementor-element elementor-element-3d450e0 e-con-full e-flex e-con e-child\" data-id=\"3d450e0\" data-element_type=\"container\" data-e-type=\"container\">\n\t\t\t\t<div class=\"elementor-element elementor-element-91595ca elementor-widget elementor-widget-image\" data-id=\"91595ca\" data-element_type=\"widget\" data-e-type=\"widget\" data-widget_type=\"image.default\">\n\t\t\t\t<div class=\"elementor-widget-container\">\n\t\t\t\t\t\t\t\t\t\t\t\t\t\t\t<img fetchpriority=\"high\" decoding=\"async\" width=\"800\" height=\"792\" src=\"https:\/\/clemonte-hotel.com\/wp-content\/uploads\/2023\/06\/ClemonteByKiki-1024x1014.png\" class=\"attachment-large size-large wp-image-2292\" alt=\"\" srcset=\"https:\/\/clemonte-hotel.com\/wp-content\/uploads\/2023\/06\/ClemonteByKiki-1024x1014.png 1024w, https:\/\/clemonte-hotel.com\/wp-content\/uploads\/2023\/06\/ClemonteByKiki-300x297.png 300w, https:\/\/clemonte-hotel.com\/wp-content\/uploads\/2023\/06\/ClemonteByKiki-150x150.png 150w, https:\/\/clemonte-hotel.com\/wp-content\/uploads\/2023\/06\/ClemonteByKiki-768x760.png 768w, https:\/\/clemonte-hotel.com\/wp-content\/uploads\/2023\/06\/ClemonteByKiki-1536x1521.png 1536w, https:\/\/clemonte-hotel.com\/wp-content\/uploads\/2023\/06\/ClemonteByKiki-2048x2028.png 2048w, https:\/\/clemonte-hotel.com\/wp-content\/uploads\/2023\/06\/ClemonteByKiki-12x12.png 12w\" sizes=\"(max-width: 800px) 100vw, 800px\" \/>\t\t\t\t\t\t\t\t\t\t\t\t\t\t\t<\/div>\n\t\t\t\t<\/div>\n\t\t\t\t<\/div>\n\t\t\t\t\t<\/div>\n\t\t\t\t<\/div>\n\t\t<div class=\"elementor-element elementor-element-d69d700 e-flex e-con-boxed e-con e-parent\" data-id=\"d69d700\" data-element_type=\"container\" data-e-type=\"container\" data-settings=\"{&quot;background_background&quot;:&quot;classic&quot;}\">\n\t\t\t\t\t<div class=\"e-con-inner\">\n\t\t<a class=\"elementor-element elementor-element-fdb628e e-con-full e-flex e-con e-child\" data-id=\"fdb628e\" data-element_type=\"container\" data-e-type=\"container\" href=\"https:\/\/clemonte-hotel.com\/amenities\/\">\n\t\t\t\t<div class=\"elementor-element elementor-element-2e9d124 elementor-widget__width-initial elementor-widget elementor-widget-image\" data-id=\"2e9d124\" data-element_type=\"widget\" data-e-type=\"widget\" data-widget_type=\"image.default\">\n\t\t\t\t<div class=\"elementor-widget-container\">\n\t\t\t\t\t\t\t\t\t\t\t\t\t\t\t<img decoding=\"async\" width=\"300\" height=\"269\" src=\"https:\/\/clemonte-hotel.com\/wp-content\/uploads\/2023\/05\/Homepage_Clemonte2-300x269.png\" class=\"attachment-medium size-medium wp-image-1560\" alt=\"\" srcset=\"https:\/\/clemonte-hotel.com\/wp-content\/uploads\/2023\/05\/Homepage_Clemonte2-300x269.png 300w, https:\/\/clemonte-hotel.com\/wp-content\/uploads\/2023\/05\/Homepage_Clemonte2.png 628w\" sizes=\"(max-width: 300px) 100vw, 300px\" \/>\t\t\t\t\t\t\t\t\t\t\t\t\t\t\t<\/div>\n\t\t\t\t<\/div>\n\t\t\t\t<\/a>\n\t\t<div class=\"elementor-element elementor-element-2710e07 e-con-full e-flex e-con e-child\" data-id=\"2710e07\" data-element_type=\"container\" data-e-type=\"container\">\n\t\t\t\t<div class=\"elementor-element elementor-element-7bc5fcd elementor-widget elementor-widget-heading\" data-id=\"7bc5fcd\" data-element_type=\"widget\" data-e-type=\"widget\" data-widget_type=\"heading.default\">\n\t\t\t\t<div class=\"elementor-widget-container\">\n\t\t\t\t\t<h2 class=\"elementor-heading-title elementor-size-default\">TREAT YOURSELF<\/h2>\t\t\t\t<\/div>\n\t\t\t\t<\/div>\n\t\t\t\t<div class=\"elementor-element elementor-element-2b4faaa elementor-widget elementor-widget-text-editor\" data-id=\"2b4faaa\" data-element_type=\"widget\" data-e-type=\"widget\" data-widget_type=\"text-editor.default\">\n\t\t\t\t<div class=\"elementor-widget-container\">\n\t\t\t\t\t\t\t\t\t<p>Lieben Sie es, verw\u00f6hnt zu werden? Zu den Highlights im Clemonte geh\u00f6ren Wellness-Badezimmer und luxuri\u00f6se Annehmlichkeiten mit Produkten von Copenhagen Bath und der hochwertige schwedischen Kosmetikmarke L:A Bruket.<\/p>\t\t\t\t\t\t\t\t<\/div>\n\t\t\t\t<\/div>\n\t\t\t\t<\/div>\n\t\t\t\t\t<\/div>\n\t\t\t\t<\/div>\n\t\t<div class=\"elementor-element elementor-element-799f715 e-flex e-con-boxed e-con e-parent\" data-id=\"799f715\" data-element_type=\"container\" data-e-type=\"container\">\n\t\t\t\t\t<div class=\"e-con-inner\">\n\t\t\t\t<div class=\"elementor-element elementor-element-62ff97e elementor-widget elementor-widget-heading\" data-id=\"62ff97e\" data-element_type=\"widget\" data-e-type=\"widget\" data-widget_type=\"heading.default\">\n\t\t\t\t<div class=\"elementor-widget-container\">\n\t\t\t\t\t<h2 class=\"elementor-heading-title elementor-size-default\">UNSERE SALZBURGER HIGHLIGHTS<\/h2>\t\t\t\t<\/div>\n\t\t\t\t<\/div>\n\t\t\t\t\t<\/div>\n\t\t\t\t<\/div>\n\t\t<div class=\"elementor-element elementor-element-52a8c0f e-flex e-con-boxed e-con e-parent\" data-id=\"52a8c0f\" data-element_type=\"container\" data-e-type=\"container\">\n\t\t\t\t\t<div class=\"e-con-inner\">\n\t\t<a class=\"elementor-element elementor-element-174e7d1 e-con-full e-flex e-con e-child\" data-id=\"174e7d1\" data-element_type=\"container\" data-e-type=\"container\" href=\"https:\/\/clemonte-hotel.com\/our-favorite-coffee-spots\/\">\n\t\t\t\t<div class=\"elementor-element elementor-element-fe05172 elementor-widget elementor-widget-image\" data-id=\"fe05172\" data-element_type=\"widget\" data-e-type=\"widget\" data-widget_type=\"image.default\">\n\t\t\t\t<div class=\"elementor-widget-container\">\n\t\t\t\t\t\t\t\t\t\t\t\t\t\t\t<img decoding=\"async\" width=\"800\" height=\"864\" src=\"https:\/\/clemonte-hotel.com\/wp-content\/uploads\/2023\/07\/CafeTomaselli-948x1024.png\" class=\"attachment-large size-large wp-image-2756\" alt=\"\" srcset=\"https:\/\/clemonte-hotel.com\/wp-content\/uploads\/2023\/07\/CafeTomaselli-948x1024.png 948w, https:\/\/clemonte-hotel.com\/wp-content\/uploads\/2023\/07\/CafeTomaselli-278x300.png 278w, https:\/\/clemonte-hotel.com\/wp-content\/uploads\/2023\/07\/CafeTomaselli-768x829.png 768w, https:\/\/clemonte-hotel.com\/wp-content\/uploads\/2023\/07\/CafeTomaselli-1422x1536.png 1422w, https:\/\/clemonte-hotel.com\/wp-content\/uploads\/2023\/07\/CafeTomaselli-1897x2048.png 1897w, https:\/\/clemonte-hotel.com\/wp-content\/uploads\/2023\/07\/CafeTomaselli-11x12.png 11w\" sizes=\"(max-width: 800px) 100vw, 800px\" \/>\t\t\t\t\t\t\t\t\t\t\t\t\t\t\t<\/div>\n\t\t\t\t<\/div>\n\t\t\t\t<\/a>\n\t\t<a class=\"elementor-element elementor-element-e25fe2e e-con-full e-flex e-con e-child\" data-id=\"e25fe2e\" data-element_type=\"container\" data-e-type=\"container\" href=\"https:\/\/clemonte-hotel.com\/salzburg-the-sound-of-music\/\">\n\t\t\t\t<div class=\"elementor-element elementor-element-08d74a0 elementor-widget elementor-widget-image\" data-id=\"08d74a0\" data-element_type=\"widget\" data-e-type=\"widget\" data-widget_type=\"image.default\">\n\t\t\t\t<div class=\"elementor-widget-container\">\n\t\t\t\t\t\t\t\t\t\t\t\t\t\t\t<img loading=\"lazy\" decoding=\"async\" width=\"800\" height=\"724\" src=\"https:\/\/clemonte-hotel.com\/wp-content\/uploads\/2023\/08\/Screenshot-2023-08-22-at-15.34.14-1024x927.png\" class=\"attachment-large size-large wp-image-3425\" alt=\"\" srcset=\"https:\/\/clemonte-hotel.com\/wp-content\/uploads\/2023\/08\/Screenshot-2023-08-22-at-15.34.14-1024x927.png 1024w, https:\/\/clemonte-hotel.com\/wp-content\/uploads\/2023\/08\/Screenshot-2023-08-22-at-15.34.14-300x271.png 300w, https:\/\/clemonte-hotel.com\/wp-content\/uploads\/2023\/08\/Screenshot-2023-08-22-at-15.34.14-768x695.png 768w, https:\/\/clemonte-hotel.com\/wp-content\/uploads\/2023\/08\/Screenshot-2023-08-22-at-15.34.14-13x12.png 13w, https:\/\/clemonte-hotel.com\/wp-content\/uploads\/2023\/08\/Screenshot-2023-08-22-at-15.34.14.png 1452w\" sizes=\"(max-width: 800px) 100vw, 800px\" \/>\t\t\t\t\t\t\t\t\t\t\t\t\t\t\t<\/div>\n\t\t\t\t<\/div>\n\t\t\t\t<\/a>\n\t\t<a class=\"elementor-element elementor-element-afc7b8a e-con-full e-flex e-con e-child\" data-id=\"afc7b8a\" data-element_type=\"container\" data-e-type=\"container\" href=\"https:\/\/clemonte-hotel.com\/salzburg-the-sound-of-music\/\">\n\t\t\t\t<div class=\"elementor-element elementor-element-32c847a elementor-widget elementor-widget-image\" data-id=\"32c847a\" data-element_type=\"widget\" data-e-type=\"widget\" data-widget_type=\"image.default\">\n\t\t\t\t<div class=\"elementor-widget-container\">\n\t\t\t\t\t\t\t\t\t\t\t\t\t\t\t<img loading=\"lazy\" decoding=\"async\" width=\"800\" height=\"986\" src=\"https:\/\/clemonte-hotel.com\/wp-content\/uploads\/2023\/08\/Mozartkugeln-831x1024.png\" class=\"attachment-large size-large wp-image-3427\" alt=\"\" srcset=\"https:\/\/clemonte-hotel.com\/wp-content\/uploads\/2023\/08\/Mozartkugeln-831x1024.png 831w, https:\/\/clemonte-hotel.com\/wp-content\/uploads\/2023\/08\/Mozartkugeln-243x300.png 243w, https:\/\/clemonte-hotel.com\/wp-content\/uploads\/2023\/08\/Mozartkugeln-768x947.png 768w, https:\/\/clemonte-hotel.com\/wp-content\/uploads\/2023\/08\/Mozartkugeln-1246x1536.png 1246w, https:\/\/clemonte-hotel.com\/wp-content\/uploads\/2023\/08\/Mozartkugeln-10x12.png 10w, https:\/\/clemonte-hotel.com\/wp-content\/uploads\/2023\/08\/Mozartkugeln.png 1284w\" sizes=\"(max-width: 800px) 100vw, 800px\" \/>\t\t\t\t\t\t\t\t\t\t\t\t\t\t\t<\/div>\n\t\t\t\t<\/div>\n\t\t\t\t<\/a>\n\t\t\t\t\t<\/div>\n\t\t\t\t<\/div>\n\t\t\t\t<\/div>\n\t\t","protected":false},"excerpt":{"rendered":"<p>Add Your Heading Text Here YOUR RECEPTION-LESS BOUTIQUE HIDEAWAY. Treten Sie ein in eine Welt charmanten Luxus und lassen Sie sich von unserem einzigartigen Hotel begeistern. In unserem Haus erwartet Sie eine harmonische Mischung aus zeitgen\u00f6ssischer Eleganz und stilvollen Details, die jeden Raum zu einem inspirierenden Erlebnis machen. Unser Hotel will mehr sein als nur [&hellip;]<\/p>\n","protected":false},"author":1,"featured_media":0,"parent":0,"menu_order":0,"comment_status":"closed","ping_status":"closed","template":"elementor_header_footer","meta":{"_monsterinsights_skip_tracking":false,"_monsterinsights_sitenote_active":false,"_monsterinsights_sitenote_note":"","_monsterinsights_sitenote_category":0,"footnotes":""},"class_list":["post-959","page","type-page","status-publish","hentry"],"aioseo_notices":[],"_links":{"self":[{"href":"https:\/\/clemonte-hotel.com\/en\/wp-json\/wp\/v2\/pages\/959","targetHints":{"allow":["GET"]}}],"collection":[{"href":"https:\/\/clemonte-hotel.com\/en\/wp-json\/wp\/v2\/pages"}],"about":[{"href":"https:\/\/clemonte-hotel.com\/en\/wp-json\/wp\/v2\/types\/page"}],"author":[{"embeddable":true,"href":"https:\/\/clemonte-hotel.com\/en\/wp-json\/wp\/v2\/users\/1"}],"replies":[{"embeddable":true,"href":"https:\/\/clemonte-hotel.com\/en\/wp-json\/wp\/v2\/comments?post=959"}],"version-history":[{"count":464,"href":"https:\/\/clemonte-hotel.com\/en\/wp-json\/wp\/v2\/pages\/959\/revisions"}],"predecessor-version":[{"id":5013,"href":"https:\/\/clemonte-hotel.com\/en\/wp-json\/wp\/v2\/pages\/959\/revisions\/5013"}],"wp:attachment":[{"href":"https:\/\/clemonte-hotel.com\/en\/wp-json\/wp\/v2\/media?parent=959"}],"curies":[{"name":"wp","href":"https:\/\/api.w.org\/{rel}","templated":true}]}}