{"id":83,"date":"2023-04-18T11:11:10","date_gmt":"2023-04-18T09:11:10","guid":{"rendered":"http:\/\/clemonte-hotel.com.dedi2578.your-server.de\/clemonte23\/about\/"},"modified":"2025-12-19T09:17:37","modified_gmt":"2025-12-19T08:17:37","slug":"about","status":"publish","type":"page","link":"https:\/\/clemonte-hotel.com\/en\/about\/","title":{"rendered":"ABOUT"},"content":{"rendered":"<div data-elementor-type=\"wp-page\" data-elementor-id=\"83\" class=\"elementor elementor-83\" data-elementor-post-type=\"page\">\n\t\t\t\t<div class=\"elementor-element elementor-element-ec4ef37 e-flex e-con-boxed e-con e-parent\" data-id=\"ec4ef37\" data-element_type=\"container\" data-e-type=\"container\">\n\t\t\t\t\t<div class=\"e-con-inner\">\n\t\t\t\t<div class=\"elementor-element elementor-element-0f082a6 elementor-widget elementor-widget-image\" data-id=\"0f082a6\" data-element_type=\"widget\" data-e-type=\"widget\" data-widget_type=\"image.default\">\n\t\t\t\t<div class=\"elementor-widget-container\">\n\t\t\t\t\t\t\t\t\t\t\t\t\t\t\t<img fetchpriority=\"high\" decoding=\"async\" width=\"531\" height=\"134\" src=\"https:\/\/clemonte-hotel.com\/wp-content\/uploads\/2023\/06\/Schwarze-Shiels-copy.jpg\" class=\"attachment-large size-large wp-image-1930\" alt=\"\" srcset=\"https:\/\/clemonte-hotel.com\/wp-content\/uploads\/2023\/06\/Schwarze-Shiels-copy.jpg 531w, https:\/\/clemonte-hotel.com\/wp-content\/uploads\/2023\/06\/Schwarze-Shiels-copy-300x76.jpg 300w, https:\/\/clemonte-hotel.com\/wp-content\/uploads\/2023\/06\/Schwarze-Shiels-copy-18x5.jpg 18w\" sizes=\"(max-width: 531px) 100vw, 531px\" \/>\t\t\t\t\t\t\t\t\t\t\t\t\t\t\t<\/div>\n\t\t\t\t<\/div>\n\t\t\t\t\t<\/div>\n\t\t\t\t<\/div>\n\t\t<div class=\"elementor-element elementor-element-00a620f e-flex e-con-boxed e-con e-parent\" data-id=\"00a620f\" data-element_type=\"container\" data-e-type=\"container\">\n\t\t\t\t\t<div class=\"e-con-inner\">\n\t\t\t\t<div class=\"elementor-element elementor-element-0f85f4e elementor-widget elementor-widget-heading\" data-id=\"0f85f4e\" data-element_type=\"widget\" data-e-type=\"widget\" data-widget_type=\"heading.default\">\n\t\t\t\t<div class=\"elementor-widget-container\">\n\t\t\t\t\t<h4 class=\"elementor-heading-title elementor-size-default\">WELCOME HOME, FRIENDS.<\/h4>\t\t\t\t<\/div>\n\t\t\t\t<\/div>\n\t\t\t\t\t<\/div>\n\t\t\t\t<\/div>\n\t\t<div class=\"elementor-element elementor-element-55b323e e-flex e-con-boxed e-con e-parent\" data-id=\"55b323e\" data-element_type=\"container\" data-e-type=\"container\">\n\t\t\t\t\t<div class=\"e-con-inner\">\n\t\t<div class=\"elementor-element elementor-element-a82cba1 e-con-full e-flex e-con e-child\" data-id=\"a82cba1\" data-element_type=\"container\" data-e-type=\"container\">\n\t\t\t\t<div class=\"elementor-element elementor-element-4445123 elementor-widget elementor-widget-image\" data-id=\"4445123\" data-element_type=\"widget\" data-e-type=\"widget\" data-widget_type=\"image.default\">\n\t\t\t\t<div class=\"elementor-widget-container\">\n\t\t\t\t\t\t\t\t\t\t\t\t\t\t\t<img decoding=\"async\" width=\"768\" height=\"1152\" src=\"https:\/\/clemonte-hotel.com\/wp-content\/uploads\/2023\/08\/Team_Clemonte-768x1152.png\" class=\"attachment-medium_large size-medium_large wp-image-3383\" alt=\"\" srcset=\"https:\/\/clemonte-hotel.com\/wp-content\/uploads\/2023\/08\/Team_Clemonte-768x1152.png 768w, https:\/\/clemonte-hotel.com\/wp-content\/uploads\/2023\/08\/Team_Clemonte-200x300.png 200w, https:\/\/clemonte-hotel.com\/wp-content\/uploads\/2023\/08\/Team_Clemonte-683x1024.png 683w, https:\/\/clemonte-hotel.com\/wp-content\/uploads\/2023\/08\/Team_Clemonte-1024x1536.png 1024w, https:\/\/clemonte-hotel.com\/wp-content\/uploads\/2023\/08\/Team_Clemonte-1365x2048.png 1365w, https:\/\/clemonte-hotel.com\/wp-content\/uploads\/2023\/08\/Team_Clemonte-8x12.png 8w\" sizes=\"(max-width: 768px) 100vw, 768px\" \/>\t\t\t\t\t\t\t\t\t\t\t\t\t\t\t<\/div>\n\t\t\t\t<\/div>\n\t\t\t\t<\/div>\n\t\t<div class=\"elementor-element elementor-element-456fa07 e-con-full e-flex e-con e-child\" data-id=\"456fa07\" data-element_type=\"container\" data-e-type=\"container\">\n\t\t\t\t<div class=\"elementor-element elementor-element-2a0abf7 elementor-widget elementor-widget-text-editor\" data-id=\"2a0abf7\" data-element_type=\"widget\" data-e-type=\"widget\" data-widget_type=\"text-editor.default\">\n\t\t\t\t<div class=\"elementor-widget-container\">\n\t\t\t\t\t\t\t\t\t<p>In unserem einzigartigen Boutique-Hotel dreht sich alles um Ihr Wohlbefinden. Die Idee f\u00fcr dieses Hotel entstand aus der Sehnsucht nach einem Ort, an dem Freunde wie zu Hause \u00fcbernachten k\u00f6nnen. Wir m\u00f6chten Ihnen einen unvergesslichen Aufenthalt bieten, der Ihre Sinne begeistert und Ihre Erwartungen \u00fcbertrifft.<\/p><p>Unsere Liebe zum Detail spiegelt sich dabei in der sorgf\u00e4ltig kuratierten Innenausstattung wieder, die ein harmonisches Zusammenspiel von Luxus, Komfort und modernem Design schafft. Treten Sie ein und lassen Sie sich von unseren stilvollen R\u00e4umlichkeiten verzaubern. Jedes Zimmer und jede Suite ist mit viel Liebe gestaltet und bietet Ihnen einen R\u00fcckzugsort, der Entspannung und Erholung verspricht. Genie\u00dfen Sie die hochwertigen Produkte, die wir f\u00fcr Ihr Wohlbefinden bereitgestellt haben, und lassen Sie sich von der Eleganz und dem Charme unserer Inneneinrichtung begeistern.<\/p><p>In our hotel, the focus is on providing you with a comprehensive selection of excellent dining options in close proximity. Explore the vibrant culinary scene of the area and indulge in the diverse range of restaurants and cafes. Our dedicated guest app will provide you with all the necessary information during and for your stay.<\/p><p>We highly value your satisfaction and are always available to ensure that your stay at Clemonte Boutique Hotel is unforgettable.<\/p>\t\t\t\t\t\t\t\t<\/div>\n\t\t\t\t<\/div>\n\t\t\t\t<\/div>\n\t\t\t\t\t<\/div>\n\t\t\t\t<\/div>\n\t\t\t\t<\/div>","protected":false},"excerpt":{"rendered":"<p>WELCOME HOME, FRIENDS. In unserem einzigartigen Boutique-Hotel dreht sich alles um Ihr Wohlbefinden. Die Idee f\u00fcr dieses Hotel entstand aus der Sehnsucht nach einem Ort, an dem Freunde wie zu Hause \u00fcbernachten k\u00f6nnen. Wir m\u00f6chten Ihnen einen unvergesslichen Aufenthalt bieten, der Ihre Sinne begeistert und Ihre Erwartungen \u00fcbertrifft. Unsere Liebe zum Detail spiegelt sich dabei [&hellip;]<\/p>\n","protected":false},"author":1,"featured_media":0,"parent":0,"menu_order":0,"comment_status":"closed","ping_status":"closed","template":"elementor_header_footer","meta":{"_monsterinsights_skip_tracking":false,"_monsterinsights_sitenote_active":false,"_monsterinsights_sitenote_note":"","_monsterinsights_sitenote_category":0,"footnotes":""},"class_list":["post-83","page","type-page","status-publish","hentry"],"aioseo_notices":[],"_links":{"self":[{"href":"https:\/\/clemonte-hotel.com\/en\/wp-json\/wp\/v2\/pages\/83","targetHints":{"allow":["GET"]}}],"collection":[{"href":"https:\/\/clemonte-hotel.com\/en\/wp-json\/wp\/v2\/pages"}],"about":[{"href":"https:\/\/clemonte-hotel.com\/en\/wp-json\/wp\/v2\/types\/page"}],"author":[{"embeddable":true,"href":"https:\/\/clemonte-hotel.com\/en\/wp-json\/wp\/v2\/users\/1"}],"replies":[{"embeddable":true,"href":"https:\/\/clemonte-hotel.com\/en\/wp-json\/wp\/v2\/comments?post=83"}],"version-history":[{"count":44,"href":"https:\/\/clemonte-hotel.com\/en\/wp-json\/wp\/v2\/pages\/83\/revisions"}],"predecessor-version":[{"id":3390,"href":"https:\/\/clemonte-hotel.com\/en\/wp-json\/wp\/v2\/pages\/83\/revisions\/3390"}],"wp:attachment":[{"href":"https:\/\/clemonte-hotel.com\/en\/wp-json\/wp\/v2\/media?parent=83"}],"curies":[{"name":"wp","href":"https:\/\/api.w.org\/{rel}","templated":true}]}}