{"id":2825,"date":"2023-07-10T11:54:00","date_gmt":"2023-07-10T09:54:00","guid":{"rendered":"https:\/\/clemonte-hotel.com\/?page_id=2825"},"modified":"2025-12-16T14:37:54","modified_gmt":"2025-12-16T13:37:54","slug":"terms-conditions","status":"publish","type":"page","link":"https:\/\/clemonte-hotel.com\/en\/terms-conditions\/","title":{"rendered":"TERMS &#038; CONDITIONS"},"content":{"rendered":"<div data-elementor-type=\"wp-page\" data-elementor-id=\"2825\" class=\"elementor elementor-2825\" data-elementor-post-type=\"page\">\n\t\t\t\t<div class=\"elementor-element elementor-element-d7e1112 e-flex e-con-boxed e-con e-parent\" data-id=\"d7e1112\" data-element_type=\"container\" data-e-type=\"container\">\n\t\t\t\t\t<div class=\"e-con-inner\">\n\t\t\t\t<div class=\"elementor-element elementor-element-3899d0b elementor-widget elementor-widget-heading\" data-id=\"3899d0b\" data-element_type=\"widget\" data-e-type=\"widget\" data-widget_type=\"heading.default\">\n\t\t\t\t<div class=\"elementor-widget-container\">\n\t\t\t\t\t<h1 class=\"elementor-heading-title elementor-size-default\">TERMS &amp; CONDITIONS<\/h1>\t\t\t\t<\/div>\n\t\t\t\t<\/div>\n\t\t\t\t\t<\/div>\n\t\t\t\t<\/div>\n\t\t<div class=\"elementor-element elementor-element-d6ecd2d e-flex e-con-boxed e-con e-parent\" data-id=\"d6ecd2d\" data-element_type=\"container\" data-e-type=\"container\">\n\t\t\t\t\t<div class=\"e-con-inner\">\n\t\t\t\t<div class=\"elementor-element elementor-element-0d76b50 elementor-widget elementor-widget-text-editor\" data-id=\"0d76b50\" data-element_type=\"widget\" data-e-type=\"widget\" data-widget_type=\"text-editor.default\">\n\t\t\t\t<div class=\"elementor-widget-container\">\n\t\t\t\t\t\t\t\t\t<p>Folgende Allgemeine Gesch\u00e4ftsbedingungen gelten f\u00fcr alle Zimmerreservierungen, die von der Clemonte OG verwaltet werden. Alle Aspekte im Zusammenhang mit solchen Reservierungen, die nicht in diesen Allgemeinen Gesch\u00e4ftsbedingungen geregelt sind, unterliegen den &#8222;Allgemeinen Gesch\u00e4ftsbedingungen f\u00fcr die \u00f6sterreichische Hotellerie&#8220;, die unter folgendem Link eingesehen werden k\u00f6nnen: https:\/\/www.wko.at\/branchen\/tourismus-freizeitwirtschaft\/hotellerie\/AGBH_061115.pdf<\/p><p>The official contract partner for all reservations is:<\/p><p>Clemonte OG<\/p><p>Franz-Josef Strasse 17\/8<\/p><p>5020 Salzburg<\/p><p class=\"p2\">\u00a0<\/p><p>+43 660 1621789<br \/>hello@clemonte-hotel.com<\/p><p>Terms and conditions applicable to bookings for our Apartments:<\/p><p>Jede Reservierung, \u00c4nderung und Stornierung ist ausschlie\u00dflich schriftlich g\u00fcltig (durch Best\u00e4tigung online, per E-Mail oder Post). Jede Buchung unterliegt den Allgemeinen Gesch\u00e4ftsbedingungen der Clemonte OG. F\u00fcr alle Aspekte, die in diesem Text nicht geregelt sind, gelten die &#8222;Allgemeinen Gesch\u00e4ftsbedingungen f\u00fcr die \u00f6sterreichische Hotellerie&#8220;. Diese k\u00f6nnen unter folgendem Link eingesehen werden: (https:\/\/www.wko.at\/branchen\/tourismus-freizeitwirtschaft\/hotellerie\/AGBH_061115.pdf).<\/p><p>To complete the booking, the total value (100%) of the booking must be paid at the time of booking. Bookings are only allowed over the age of 18 years.<\/p><p>Die Stornierungsrichtlinien, die f\u00fcr eine bestimmte Reservierung gelten, richten sich nach denen der \u00d6HVB Bei Fragen zur Stornierungsrichtlinie, die f\u00fcr Ihre Reservierung gilt, kontaktieren Sie uns bitte.<\/p><p>Early departure (shortening of the booked stay) will be treated according to the same cancellation policy. In this case, the remaining nights will be considered cancelled.<\/p><p>Travel insurance recommendation: we encourage stipulating a travel insurance contract whenever possible. In this way, you can better protect yourself from unexpected circumstances which may lead to a cost-bearing cancellation.<\/p><p>Wireless Internet connection (Wi-Fi \/ WLAN) is available for our guests in all accommodations and is free of charge. The guest is solely responsible for their usage of the Internet connection.<\/p><p>Arrival and departure times: the booked accommodation is at your disposal from 3 pm of the booked arrival date. On departure date, the accommodation must be left within 11 am.<\/p><p>Automated credit card charges: depending on the booked rate type, the charging of the indicated credit card can take place before, after or on the arrival date. Please note that the transaction is triggered by our IT systems in an automated way. If the credit card you wish to use for payment is different from the one indicated during the booking process, please contact our team before arrival.<\/p><p>All of our rooms and apartments are non-smoking areas. Smoking is not allowed on any indoor premises. Smoking inside the building can lead to an extra penalty fee of up to \u20ac250,00. Smoking outside of the building is allowed.<\/p><p>The cleaning service is available until 1:00 PM. Quiet hours begin at 10:00 PM.<\/p><p>Please be informed that we do not guarantee the possibility of specific room numbers or adjacent rooms. Any wishes or notes communicated during or after the booking process are taken into account, however, we do not guarantee their fulfilment.<\/p><p>Typing errors, errors of other nature, as well as policy changes, are reserved.<\/p>\t\t\t\t\t\t\t\t<\/div>\n\t\t\t\t<\/div>\n\t\t\t\t\t<\/div>\n\t\t\t\t<\/div>\n\t\t<div class=\"elementor-element elementor-element-f539083 e-flex e-con-boxed e-con e-parent\" data-id=\"f539083\" data-element_type=\"container\" data-e-type=\"container\">\n\t\t\t\t\t<div class=\"e-con-inner\">\n\t\t\t\t\t<\/div>\n\t\t\t\t<\/div>\n\t\t\t\t<\/div>","protected":false},"excerpt":{"rendered":"<p>TERMS &amp; CONDITIONS Folgende Allgemeine Gesch\u00e4ftsbedingungen gelten f\u00fcr alle Zimmerreservierungen, die von der Clemonte OG verwaltet werden. Alle Aspekte im Zusammenhang mit solchen Reservierungen, die nicht in diesen Allgemeinen Gesch\u00e4ftsbedingungen geregelt sind, unterliegen den &#8222;Allgemeinen Gesch\u00e4ftsbedingungen f\u00fcr die \u00f6sterreichische Hotellerie&#8220;, die unter folgendem Link eingesehen werden k\u00f6nnen: https:\/\/www.wko.at\/branchen\/tourismus-freizeitwirtschaft\/hotellerie\/AGBH_061115.pdf Der offizielle Vertragspartner f\u00fcr alle Reservierungen ist: [&hellip;]<\/p>\n","protected":false},"author":3,"featured_media":0,"parent":0,"menu_order":0,"comment_status":"closed","ping_status":"closed","template":"","meta":{"_monsterinsights_skip_tracking":false,"_monsterinsights_sitenote_active":false,"_monsterinsights_sitenote_note":"","_monsterinsights_sitenote_category":0,"footnotes":""},"class_list":["post-2825","page","type-page","status-publish","hentry"],"aioseo_notices":[],"_links":{"self":[{"href":"https:\/\/clemonte-hotel.com\/en\/wp-json\/wp\/v2\/pages\/2825","targetHints":{"allow":["GET"]}}],"collection":[{"href":"https:\/\/clemonte-hotel.com\/en\/wp-json\/wp\/v2\/pages"}],"about":[{"href":"https:\/\/clemonte-hotel.com\/en\/wp-json\/wp\/v2\/types\/page"}],"author":[{"embeddable":true,"href":"https:\/\/clemonte-hotel.com\/en\/wp-json\/wp\/v2\/users\/3"}],"replies":[{"embeddable":true,"href":"https:\/\/clemonte-hotel.com\/en\/wp-json\/wp\/v2\/comments?post=2825"}],"version-history":[{"count":29,"href":"https:\/\/clemonte-hotel.com\/en\/wp-json\/wp\/v2\/pages\/2825\/revisions"}],"predecessor-version":[{"id":4847,"href":"https:\/\/clemonte-hotel.com\/en\/wp-json\/wp\/v2\/pages\/2825\/revisions\/4847"}],"wp:attachment":[{"href":"https:\/\/clemonte-hotel.com\/en\/wp-json\/wp\/v2\/media?parent=2825"}],"curies":[{"name":"wp","href":"https:\/\/api.w.org\/{rel}","templated":true}]}}