{"id":2609,"date":"2023-07-04T11:40:34","date_gmt":"2023-07-04T09:40:34","guid":{"rendered":"https:\/\/clemonte-hotel.com\/?page_id=2609"},"modified":"2023-07-20T15:53:57","modified_gmt":"2023-07-20T13:53:57","slug":"the-attic-solo","status":"publish","type":"page","link":"https:\/\/clemonte-hotel.com\/en\/rooms\/the-attic-solo\/","title":{"rendered":"THE ATTIC SOLO"},"content":{"rendered":"\t\t<div data-elementor-type=\"wp-page\" data-elementor-id=\"2609\" class=\"elementor elementor-2609\" data-elementor-post-type=\"page\">\n\t\t\t\t<div class=\"elementor-element elementor-element-cbe4279 e-flex e-con-boxed e-con e-parent\" data-id=\"cbe4279\" data-element_type=\"container\" data-e-type=\"container\">\n\t\t\t\t\t<div class=\"e-con-inner\">\n\t\t<div class=\"elementor-element elementor-element-c745163 e-flex e-con-boxed e-con e-parent\" data-id=\"c745163\" data-element_type=\"container\" data-e-type=\"container\" data-settings=\"{&quot;background_background&quot;:&quot;classic&quot;}\">\n\t\t\t\t\t<div class=\"e-con-inner\">\n\t\t\t\t<div class=\"elementor-element elementor-element-a10c700 elementor-widget elementor-widget-image\" data-id=\"a10c700\" data-element_type=\"widget\" data-e-type=\"widget\" data-settings=\"{&quot;motion_fx_motion_fx_scrolling&quot;:&quot;yes&quot;,&quot;motion_fx_translateY_effect&quot;:&quot;yes&quot;,&quot;motion_fx_translateY_speed&quot;:{&quot;unit&quot;:&quot;px&quot;,&quot;size&quot;:1.3000000000000000444089209850062616169452667236328125,&quot;sizes&quot;:[]},&quot;motion_fx_translateY_affectedRange&quot;:{&quot;unit&quot;:&quot;%&quot;,&quot;size&quot;:&quot;&quot;,&quot;sizes&quot;:{&quot;start&quot;:0,&quot;end&quot;:100}},&quot;motion_fx_devices&quot;:[&quot;desktop&quot;,&quot;tablet&quot;,&quot;mobile&quot;]}\" data-widget_type=\"image.default\">\n\t\t\t\t<div class=\"elementor-widget-container\">\n\t\t\t\t\t\t\t\t\t\t\t\t\t\t\t<img fetchpriority=\"high\" decoding=\"async\" width=\"2560\" height=\"1707\" src=\"https:\/\/clemonte-hotel.com\/wp-content\/uploads\/2023\/07\/Clemonte_GH100921_web_\u00a9Gregor_Hofbauer.jpg\" class=\"attachment-full size-full wp-image-3039\" alt=\"\" srcset=\"https:\/\/clemonte-hotel.com\/wp-content\/uploads\/2023\/07\/Clemonte_GH100921_web_\u00a9Gregor_Hofbauer.jpg 2560w, https:\/\/clemonte-hotel.com\/wp-content\/uploads\/2023\/07\/Clemonte_GH100921_web_\u00a9Gregor_Hofbauer-300x200.jpg 300w, https:\/\/clemonte-hotel.com\/wp-content\/uploads\/2023\/07\/Clemonte_GH100921_web_\u00a9Gregor_Hofbauer-1024x683.jpg 1024w, https:\/\/clemonte-hotel.com\/wp-content\/uploads\/2023\/07\/Clemonte_GH100921_web_\u00a9Gregor_Hofbauer-768x512.jpg 768w, https:\/\/clemonte-hotel.com\/wp-content\/uploads\/2023\/07\/Clemonte_GH100921_web_\u00a9Gregor_Hofbauer-1536x1024.jpg 1536w, https:\/\/clemonte-hotel.com\/wp-content\/uploads\/2023\/07\/Clemonte_GH100921_web_\u00a9Gregor_Hofbauer-2048x1366.jpg 2048w, https:\/\/clemonte-hotel.com\/wp-content\/uploads\/2023\/07\/Clemonte_GH100921_web_\u00a9Gregor_Hofbauer-18x12.jpg 18w\" sizes=\"(max-width: 2560px) 100vw, 2560px\" \/>\t\t\t\t\t\t\t\t\t\t\t\t\t\t\t<\/div>\n\t\t\t\t<\/div>\n\t\t\t\t\t<\/div>\n\t\t\t\t<\/div>\n\t\t\t\t\t<\/div>\n\t\t\t\t<\/div>\n\t\t<div class=\"elementor-element elementor-element-186d3bc e-flex e-con-boxed e-con e-parent\" data-id=\"186d3bc\" data-element_type=\"container\" data-e-type=\"container\" data-settings=\"{&quot;background_background&quot;:&quot;classic&quot;}\">\n\t\t\t\t\t<div class=\"e-con-inner\">\n\t\t\t\t<div class=\"elementor-element elementor-element-08fd7bd elementor-widget elementor-widget-heading\" data-id=\"08fd7bd\" data-element_type=\"widget\" data-e-type=\"widget\" data-widget_type=\"heading.default\">\n\t\t\t\t<div class=\"elementor-widget-container\">\n\t\t\t\t\t<h2 class=\"elementor-heading-title elementor-size-default\">THE ATTIC SOLO<\/h2>\t\t\t\t<\/div>\n\t\t\t\t<\/div>\n\t\t\t\t\t<\/div>\n\t\t\t\t<\/div>\n\t\t<div class=\"elementor-element elementor-element-5c7e8a6d e-flex e-con-boxed e-con e-parent\" data-id=\"5c7e8a6d\" data-element_type=\"container\" data-e-type=\"container\" data-settings=\"{&quot;background_background&quot;:&quot;classic&quot;}\">\n\t\t\t\t\t<div class=\"e-con-inner\">\n\t\t<div class=\"elementor-element elementor-element-6678e3ef e-con-full animated-fast e-flex elementor-invisible e-con e-parent\" data-id=\"6678e3ef\" data-element_type=\"container\" data-e-type=\"container\" data-settings=\"{&quot;motion_fx_motion_fx_scrolling&quot;:&quot;yes&quot;,&quot;motion_fx_translateY_effect&quot;:&quot;yes&quot;,&quot;motion_fx_translateY_speed&quot;:{&quot;unit&quot;:&quot;px&quot;,&quot;size&quot;:2,&quot;sizes&quot;:[]},&quot;animation&quot;:&quot;fadeInUp&quot;,&quot;motion_fx_translateY_affectedRange&quot;:{&quot;unit&quot;:&quot;%&quot;,&quot;size&quot;:&quot;&quot;,&quot;sizes&quot;:{&quot;start&quot;:0,&quot;end&quot;:100}},&quot;motion_fx_devices&quot;:[&quot;desktop&quot;,&quot;tablet&quot;,&quot;mobile&quot;]}\">\n\t\t\t\t<div class=\"elementor-element elementor-element-1ff3c8ef elementor-widget-tablet__width-inherit elementor-widget elementor-widget-heading\" data-id=\"1ff3c8ef\" data-element_type=\"widget\" data-e-type=\"widget\" data-widget_type=\"heading.default\">\n\t\t\t\t<div class=\"elementor-widget-container\">\n\t\t\t\t\t<h2 class=\"elementor-heading-title elementor-size-default\">GEM\u00dcTLICHKEIT trifft auf eleganz und stil<\/h2>\t\t\t\t<\/div>\n\t\t\t\t<\/div>\n\t\t\t\t<\/div>\n\t\t<div class=\"elementor-element elementor-element-700a22ac e-con-full animated-fast e-flex elementor-invisible e-con e-parent\" data-id=\"700a22ac\" data-element_type=\"container\" data-e-type=\"container\" data-settings=\"{&quot;motion_fx_motion_fx_scrolling&quot;:&quot;yes&quot;,&quot;motion_fx_translateY_effect&quot;:&quot;yes&quot;,&quot;motion_fx_translateY_speed&quot;:{&quot;unit&quot;:&quot;px&quot;,&quot;size&quot;:3,&quot;sizes&quot;:[]},&quot;animation&quot;:&quot;fadeInUp&quot;,&quot;animation_delay&quot;:200,&quot;motion_fx_translateY_affectedRange&quot;:{&quot;unit&quot;:&quot;%&quot;,&quot;size&quot;:&quot;&quot;,&quot;sizes&quot;:{&quot;start&quot;:0,&quot;end&quot;:100}},&quot;motion_fx_devices&quot;:[&quot;desktop&quot;,&quot;tablet&quot;,&quot;mobile&quot;]}\">\n\t\t\t\t<div class=\"elementor-element elementor-element-4b0fc6ad elementor-widget-tablet__width-inherit elementor-widget elementor-widget-text-editor\" data-id=\"4b0fc6ad\" data-element_type=\"widget\" data-e-type=\"widget\" data-widget_type=\"text-editor.default\">\n\t\t\t\t<div class=\"elementor-widget-container\">\n\t\t\t\t\t\t\t\t\t<p>Dieses fabelhafte Zimmer ist genau das Richtige f\u00fcr Sie! Das Attic Solo bietet alles, was unsere anderen Zimmer auch bieten, nur mit einem 140cm breiten Bett. Und ja, wenn Sie es gem\u00fctlich m\u00f6gen, k\u00f6nnen Sie dort auch gemeinsam mit Ihrem Liebsten oder Ihrer Liebsten \u00fcbernachten. Nat\u00fcrlich finden Sie in dieser charmanten Ecke auch eine unserer luxuri\u00f6sen begehbaren Duschen und Marmor-Badewaschtische.<\/p>\t\t\t\t\t\t\t\t<\/div>\n\t\t\t\t<\/div>\n\t\t\t\t<\/div>\n\t\t\t\t\t<\/div>\n\t\t\t\t<\/div>\n\t\t<div class=\"elementor-element elementor-element-f9f7dd3 e-flex e-con-boxed e-con e-parent\" data-id=\"f9f7dd3\" data-element_type=\"container\" data-e-type=\"container\">\n\t\t\t\t\t<div class=\"e-con-inner\">\n\t\t\t\t<div class=\"elementor-element elementor-element-3286a32 elementor-widget__width-inherit elementor-widget elementor-widget-gallery\" data-id=\"3286a32\" data-element_type=\"widget\" data-e-type=\"widget\" data-settings=\"{&quot;gallery_layout&quot;:&quot;justified&quot;,&quot;ideal_row_height&quot;:{&quot;unit&quot;:&quot;px&quot;,&quot;size&quot;:419,&quot;sizes&quot;:[]},&quot;image_hover_animation&quot;:&quot;grow&quot;,&quot;content_sequenced_animation&quot;:&quot;yes&quot;,&quot;gap&quot;:{&quot;unit&quot;:&quot;px&quot;,&quot;size&quot;:20,&quot;sizes&quot;:[]},&quot;lazyload&quot;:&quot;yes&quot;,&quot;ideal_row_height_tablet&quot;:{&quot;unit&quot;:&quot;px&quot;,&quot;size&quot;:150,&quot;sizes&quot;:[]},&quot;ideal_row_height_mobile&quot;:{&quot;unit&quot;:&quot;px&quot;,&quot;size&quot;:150,&quot;sizes&quot;:[]},&quot;gap_tablet&quot;:{&quot;unit&quot;:&quot;px&quot;,&quot;size&quot;:10,&quot;sizes&quot;:[]},&quot;gap_mobile&quot;:{&quot;unit&quot;:&quot;px&quot;,&quot;size&quot;:10,&quot;sizes&quot;:[]},&quot;overlay_background&quot;:&quot;yes&quot;,&quot;content_hover_animation&quot;:&quot;fade-in&quot;}\" data-widget_type=\"gallery.default\">\n\t\t\t\t<div class=\"elementor-widget-container\">\n\t\t\t\t\t\t\t<div class=\"elementor-gallery__container\">\n\t\t\t\t\t\t\t<div class=\"e-gallery-item elementor-gallery-item elementor-animated-content\">\n\t\t\t\t\t<div class=\"e-gallery-image elementor-gallery-item__image\" data-thumbnail=\"https:\/\/clemonte-hotel.com\/wp-content\/uploads\/2023\/07\/Clemonte_GH703755_web_\u00a9Gregor_Hofbauer-1024x683.jpg\" data-width=\"800\" data-height=\"534\" aria-label=\"\" role=\"img\" ><\/div>\n\t\t\t\t\t\t\t\t\t\t\t<div class=\"elementor-gallery-item__overlay\"><\/div>\n\t\t\t\t\t\t\t\t\t\t\t\t\t\t<\/div>\n\t\t\t\t\t\t\t<div class=\"e-gallery-item elementor-gallery-item elementor-animated-content\">\n\t\t\t\t\t<div class=\"e-gallery-image elementor-gallery-item__image\" data-thumbnail=\"https:\/\/clemonte-hotel.com\/wp-content\/uploads\/2023\/07\/Clemonte_GH703757_web_\u00a9Gregor_Hofbauer-683x1024.jpg\" data-width=\"683\" data-height=\"1024\" aria-label=\"\" role=\"img\" ><\/div>\n\t\t\t\t\t\t\t\t\t\t\t<div class=\"elementor-gallery-item__overlay\"><\/div>\n\t\t\t\t\t\t\t\t\t\t\t\t\t\t<\/div>\n\t\t\t\t\t\t\t<div class=\"e-gallery-item elementor-gallery-item elementor-animated-content\">\n\t\t\t\t\t<div class=\"e-gallery-image elementor-gallery-item__image\" data-thumbnail=\"https:\/\/clemonte-hotel.com\/wp-content\/uploads\/2023\/07\/Clemonte_GH703851_web_\u00a9Gregor_Hofbauer-683x1024.jpg\" data-width=\"683\" data-height=\"1024\" aria-label=\"\" role=\"img\" ><\/div>\n\t\t\t\t\t\t\t\t\t\t\t<div class=\"elementor-gallery-item__overlay\"><\/div>\n\t\t\t\t\t\t\t\t\t\t\t\t\t\t<\/div>\n\t\t\t\t\t\t\t<div class=\"e-gallery-item elementor-gallery-item elementor-animated-content\">\n\t\t\t\t\t<div class=\"e-gallery-image elementor-gallery-item__image\" data-thumbnail=\"https:\/\/clemonte-hotel.com\/wp-content\/uploads\/2023\/07\/Clemonte_GH703694_web_\u00a9Gregor_Hofbauer-683x1024.jpg\" data-width=\"683\" data-height=\"1024\" aria-label=\"\" role=\"img\" ><\/div>\n\t\t\t\t\t\t\t\t\t\t\t<div class=\"elementor-gallery-item__overlay\"><\/div>\n\t\t\t\t\t\t\t\t\t\t\t\t\t\t<\/div>\n\t\t\t\t\t\t\t<div class=\"e-gallery-item elementor-gallery-item elementor-animated-content\">\n\t\t\t\t\t<div class=\"e-gallery-image elementor-gallery-item__image\" data-thumbnail=\"https:\/\/clemonte-hotel.com\/wp-content\/uploads\/2023\/07\/Clemonte_GH101111_web_\u00a9Gregor_Hofbauer-683x1024.jpg\" data-width=\"683\" data-height=\"1024\" aria-label=\"\" role=\"img\" ><\/div>\n\t\t\t\t\t\t\t\t\t\t\t<div class=\"elementor-gallery-item__overlay\"><\/div>\n\t\t\t\t\t\t\t\t\t\t\t\t\t\t<\/div>\n\t\t\t\t\t\t\t<div class=\"e-gallery-item elementor-gallery-item elementor-animated-content\">\n\t\t\t\t\t<div class=\"e-gallery-image elementor-gallery-item__image\" data-thumbnail=\"https:\/\/clemonte-hotel.com\/wp-content\/uploads\/2023\/07\/Clemonte_GH100936_web_\u00a9Gregor_Hofbauer-683x1024.jpg\" data-width=\"683\" data-height=\"1024\" aria-label=\"\" role=\"img\" ><\/div>\n\t\t\t\t\t\t\t\t\t\t\t<div class=\"elementor-gallery-item__overlay\"><\/div>\n\t\t\t\t\t\t\t\t\t\t\t\t\t\t<\/div>\n\t\t\t\t\t\t\t<div class=\"e-gallery-item elementor-gallery-item elementor-animated-content\">\n\t\t\t\t\t<div class=\"e-gallery-image elementor-gallery-item__image\" data-thumbnail=\"https:\/\/clemonte-hotel.com\/wp-content\/uploads\/2023\/07\/Clemonte_GH100951_web_\u00a9Gregor_Hofbauer-1024x683.jpg\" data-width=\"800\" data-height=\"534\" aria-label=\"\" role=\"img\" ><\/div>\n\t\t\t\t\t\t\t\t\t\t\t<div class=\"elementor-gallery-item__overlay\"><\/div>\n\t\t\t\t\t\t\t\t\t\t\t\t\t\t<\/div>\n\t\t\t\t\t<\/div>\n\t\t\t\t\t<\/div>\n\t\t\t\t<\/div>\n\t\t\t\t\t<\/div>\n\t\t\t\t<\/div>\n\t\t\t\t<\/div>\n\t\t","protected":false},"excerpt":{"rendered":"<p>THE ATTIC SOLO GEM\u00dcTLICHKEIT trifft auf eleganz und stil Dieses fabelhafte Zimmer ist genau das Richtige f\u00fcr Sie! Das Attic Solo bietet alles, was unsere anderen Zimmer auch bieten, nur mit einem 140cm breiten Bett. Und ja, wenn Sie es gem\u00fctlich m\u00f6gen, k\u00f6nnen Sie dort auch gemeinsam mit Ihrem Liebsten oder Ihrer Liebsten \u00fcbernachten. Nat\u00fcrlich [&hellip;]<\/p>\n","protected":false},"author":3,"featured_media":0,"parent":1605,"menu_order":0,"comment_status":"closed","ping_status":"closed","template":"","meta":{"_monsterinsights_skip_tracking":false,"_monsterinsights_sitenote_active":false,"_monsterinsights_sitenote_note":"","_monsterinsights_sitenote_category":0,"footnotes":""},"class_list":["post-2609","page","type-page","status-publish","hentry"],"aioseo_notices":[],"_links":{"self":[{"href":"https:\/\/clemonte-hotel.com\/en\/wp-json\/wp\/v2\/pages\/2609","targetHints":{"allow":["GET"]}}],"collection":[{"href":"https:\/\/clemonte-hotel.com\/en\/wp-json\/wp\/v2\/pages"}],"about":[{"href":"https:\/\/clemonte-hotel.com\/en\/wp-json\/wp\/v2\/types\/page"}],"author":[{"embeddable":true,"href":"https:\/\/clemonte-hotel.com\/en\/wp-json\/wp\/v2\/users\/3"}],"replies":[{"embeddable":true,"href":"https:\/\/clemonte-hotel.com\/en\/wp-json\/wp\/v2\/comments?post=2609"}],"version-history":[{"count":20,"href":"https:\/\/clemonte-hotel.com\/en\/wp-json\/wp\/v2\/pages\/2609\/revisions"}],"predecessor-version":[{"id":3181,"href":"https:\/\/clemonte-hotel.com\/en\/wp-json\/wp\/v2\/pages\/2609\/revisions\/3181"}],"up":[{"embeddable":true,"href":"https:\/\/clemonte-hotel.com\/en\/wp-json\/wp\/v2\/pages\/1605"}],"wp:attachment":[{"href":"https:\/\/clemonte-hotel.com\/en\/wp-json\/wp\/v2\/media?parent=2609"}],"curies":[{"name":"wp","href":"https:\/\/api.w.org\/{rel}","templated":true}]}}