{"id":1605,"date":"2023-05-24T11:08:50","date_gmt":"2023-05-24T09:08:50","guid":{"rendered":"http:\/\/clemonte-hotel.com.dedi2578.your-server.de\/clemonte23\/?page_id=1605"},"modified":"2026-03-25T10:02:57","modified_gmt":"2026-03-25T09:02:57","slug":"rooms","status":"publish","type":"page","link":"https:\/\/clemonte-hotel.com\/en\/rooms\/","title":{"rendered":"ROOMS"},"content":{"rendered":"\t\t<div data-elementor-type=\"wp-page\" data-elementor-id=\"1605\" class=\"elementor elementor-1605\" data-elementor-post-type=\"page\">\n\t\t\t\t<div class=\"elementor-element elementor-element-b99b793 e-flex e-con-boxed e-con e-parent\" data-id=\"b99b793\" data-element_type=\"container\" data-e-type=\"container\" data-settings=\"{&quot;background_background&quot;:&quot;classic&quot;}\">\n\t\t\t\t\t<div class=\"e-con-inner\">\n\t\t\t\t\t<\/div>\n\t\t\t\t<\/div>\n\t\t<div class=\"elementor-element elementor-element-e290601 e-flex e-con-boxed e-con e-parent\" data-id=\"e290601\" data-element_type=\"container\" data-e-type=\"container\">\n\t\t\t\t\t<div class=\"e-con-inner\">\n\t\t\t\t\t<\/div>\n\t\t\t\t<\/div>\n\t\t<div class=\"elementor-element elementor-element-db43fd4 e-flex e-con-boxed e-con e-parent\" data-id=\"db43fd4\" data-element_type=\"container\" data-e-type=\"container\">\n\t\t\t\t\t<div class=\"e-con-inner\">\n\t\t\t\t<div class=\"elementor-element elementor-element-f38c254 elementor-widget elementor-widget-heading\" data-id=\"f38c254\" data-element_type=\"widget\" data-e-type=\"widget\" data-widget_type=\"heading.default\">\n\t\t\t\t<div class=\"elementor-widget-container\">\n\t\t\t\t\t<h2 class=\"elementor-heading-title elementor-size-default\">KEIN ZIMMER GLEICHT DEM ANDEREN<\/h2>\t\t\t\t<\/div>\n\t\t\t\t<\/div>\n\t\t<div class=\"elementor-element elementor-element-7ee0215 e-flex e-con-boxed e-con e-child\" data-id=\"7ee0215\" data-element_type=\"container\" data-e-type=\"container\">\n\t\t\t\t\t<div class=\"e-con-inner\">\n\t\t\t\t<div class=\"elementor-element elementor-element-28a176a elementor-widget elementor-widget-text-editor\" data-id=\"28a176a\" data-element_type=\"widget\" data-e-type=\"widget\" data-widget_type=\"text-editor.default\">\n\t\t\t\t<div class=\"elementor-widget-container\">\n\t\t\t\t\t\t\t\t\t<p>Inmitten von Salzburg liegt unser gem\u00fctliches Boutique-Hotel, das eine Auswahl sorgf\u00e4ltig gestalteter Zimmer bietet, die die perfekte Balance zwischen Luxus und Komfort bieten. Jedes Zimmer ist einzigartig dekoriert und mit k\u00fcnstlerischem Geschick gestaltet, um eine Atmosph\u00e4re zu schaffen, die Raffinesse ausstrahlt. Unser warmes Farbkonzept sorgt f\u00fcr eine gem\u00fctliche Atmosph\u00e4re, w\u00e4hrend die eleganten B\u00e4der unseren G\u00e4sten ein Spa-Erlebnis bieten. Von luxuri\u00f6sen Betten bis hin zu exquisiten M\u00f6beln wurde jedes Detail sorgf\u00e4ltig ausgew\u00e4hlt, um Ihren Aufenthalt unvergesslich zu machen. Die Marmorausstattung, die Regenduschk\u00f6pfe und die Designer-Toilettenartikel sind nur einige der kleinen Details, die Ihren Aufenthalt unvergesslich machen werden. In unserem Boutique-Hotel glauben wir, dass jedes Detail wichtig ist. G\u00f6nnen Sie sich das ultimative Salzburg-Erlebnis in unserem kleinen Boutique-Hotel, wo sich Raffinesse und Entspannung treffen. Buchen Sie jetzt und entdecken Sie, was uns wirklich einzigartig macht. Egal, ob Sie gesch\u00e4ftlich oder zum Vergn\u00fcgen hier sind, wir garantieren Ihnen, dass Sie sich w\u00e4hrend Ihres Aufenthalts wie K\u00f6niginnen und K\u00f6nige f\u00fchlen werden.<\/p>\t\t\t\t\t\t\t\t<\/div>\n\t\t\t\t<\/div>\n\t\t\t\t<div class=\"elementor-element elementor-element-fb84819 elementor-align-center elementor-widget elementor-widget-button\" data-id=\"fb84819\" data-element_type=\"widget\" data-e-type=\"widget\" data-widget_type=\"button.default\">\n\t\t\t\t<div class=\"elementor-widget-container\">\n\t\t\t\t\t\t\t\t\t<div class=\"elementor-button-wrapper\">\n\t\t\t\t\t<a class=\"elementor-button elementor-button-link elementor-size-sm\" href=\"https:\/\/hotels.cloudbeds.com\/de\/reservation\/vmX78J?currency=eur\" target=\"_blank\">\n\t\t\t\t\t\t<span class=\"elementor-button-content-wrapper\">\n\t\t\t\t\t\t\t\t\t<span class=\"elementor-button-text\">BOOK NOW<\/span>\n\t\t\t\t\t<\/span>\n\t\t\t\t\t<\/a>\n\t\t\t\t<\/div>\n\t\t\t\t\t\t\t\t<\/div>\n\t\t\t\t<\/div>\n\t\t\t\t\t<\/div>\n\t\t\t\t<\/div>\n\t\t\t\t\t<\/div>\n\t\t\t\t<\/div>\n\t\t<div class=\"elementor-element elementor-element-d87c7d2 e-con-full e-flex e-con e-parent\" data-id=\"d87c7d2\" data-element_type=\"container\" data-e-type=\"container\" data-settings=\"{&quot;background_background&quot;:&quot;classic&quot;}\">\n\t\t<div class=\"elementor-element elementor-element-0b22b33 e-flex e-con-boxed e-con e-child\" data-id=\"0b22b33\" data-element_type=\"container\" data-e-type=\"container\">\n\t\t\t\t\t<div class=\"e-con-inner\">\n\t\t<div class=\"elementor-element elementor-element-a298139 e-con-full animated-fast e-flex elementor-invisible e-con e-child\" data-id=\"a298139\" data-element_type=\"container\" data-e-type=\"container\" data-settings=\"{&quot;animation&quot;:&quot;fadeInUp&quot;,&quot;animation_delay&quot;:0}\">\n\t\t<a class=\"elementor-element elementor-element-c26430e e-flex e-con-boxed e-con e-child\" data-id=\"c26430e\" data-element_type=\"container\" data-e-type=\"container\" data-settings=\"{&quot;background_background&quot;:&quot;classic&quot;}\" href=\"https:\/\/clemonte-hotel.com\/en\/rooms\/the-cozy-room\/\">\n\t\t\t\t\t<div class=\"e-con-inner\">\n\t\t\t\t\t<\/div>\n\t\t\t\t<\/a>\n\t\t\t\t<div class=\"elementor-element elementor-element-d86db61 elementor-widget elementor-widget-heading\" data-id=\"d86db61\" data-element_type=\"widget\" data-e-type=\"widget\" data-widget_type=\"heading.default\">\n\t\t\t\t<div class=\"elementor-widget-container\">\n\t\t\t\t\t<h2 class=\"elementor-heading-title elementor-size-default\">The Cozy Room<\/h2>\t\t\t\t<\/div>\n\t\t\t\t<\/div>\n\t\t\t\t<div class=\"elementor-element elementor-element-8cd61b8 elementor-widget elementor-widget-text-editor\" data-id=\"8cd61b8\" data-element_type=\"widget\" data-e-type=\"widget\" data-widget_type=\"text-editor.default\">\n\t\t\t\t<div class=\"elementor-widget-container\">\n\t\t\t\t\t\t\t\t\t<p>Sie sind ein Fan von warmen gem\u00fctlichen Ecken und eleganten Details?\u00a0<\/p>\t\t\t\t\t\t\t\t<\/div>\n\t\t\t\t<\/div>\n\t\t\t\t<div class=\"elementor-element elementor-element-2291170 elementor-align-center elementor-widget elementor-widget-button\" data-id=\"2291170\" data-element_type=\"widget\" data-e-type=\"widget\" data-widget_type=\"button.default\">\n\t\t\t\t<div class=\"elementor-widget-container\">\n\t\t\t\t\t\t\t\t\t<div class=\"elementor-button-wrapper\">\n\t\t\t\t\t<a class=\"elementor-button elementor-button-link elementor-size-sm\" href=\"http:\/\/clemonte-hotel.com\/the-cozy-room\">\n\t\t\t\t\t\t<span class=\"elementor-button-content-wrapper\">\n\t\t\t\t\t\t\t\t\t<span class=\"elementor-button-text\">MEHR INFOS<\/span>\n\t\t\t\t\t<\/span>\n\t\t\t\t\t<\/a>\n\t\t\t\t<\/div>\n\t\t\t\t\t\t\t\t<\/div>\n\t\t\t\t<\/div>\n\t\t\t\t<\/div>\n\t\t<div class=\"elementor-element elementor-element-c525257 e-con-full e-flex elementor-invisible e-con e-child\" data-id=\"c525257\" data-element_type=\"container\" data-e-type=\"container\" data-settings=\"{&quot;animation&quot;:&quot;fadeInUp&quot;,&quot;animation_delay&quot;:200}\">\n\t\t<a class=\"elementor-element elementor-element-7b38c82 e-flex e-con-boxed e-con e-child\" data-id=\"7b38c82\" data-element_type=\"container\" data-e-type=\"container\" data-settings=\"{&quot;background_background&quot;:&quot;classic&quot;}\" href=\"https:\/\/clemonte-hotel.com\/en\/rooms\/the-luxe-cozy\/\">\n\t\t\t\t\t<div class=\"e-con-inner\">\n\t\t\t\t\t<\/div>\n\t\t\t\t<\/a>\n\t\t\t\t<div class=\"elementor-element elementor-element-f44e43b elementor-widget elementor-widget-heading\" data-id=\"f44e43b\" data-element_type=\"widget\" data-e-type=\"widget\" data-widget_type=\"heading.default\">\n\t\t\t\t<div class=\"elementor-widget-container\">\n\t\t\t\t\t<h2 class=\"elementor-heading-title elementor-size-default\">The Luxe Cozy<\/h2>\t\t\t\t<\/div>\n\t\t\t\t<\/div>\n\t\t\t\t<div class=\"elementor-element elementor-element-916fd73 elementor-widget elementor-widget-text-editor\" data-id=\"916fd73\" data-element_type=\"widget\" data-e-type=\"widget\" data-widget_type=\"text-editor.default\">\n\t\t\t\t<div class=\"elementor-widget-container\">\n\t\t\t\t\t\t\t\t\t<p>Dunkle Wandfarben und kunstvolle Dekoration treffen genau Ihren Geschmack?<\/p>\t\t\t\t\t\t\t\t<\/div>\n\t\t\t\t<\/div>\n\t\t\t\t<div class=\"elementor-element elementor-element-798f355 elementor-align-center elementor-widget elementor-widget-button\" data-id=\"798f355\" data-element_type=\"widget\" data-e-type=\"widget\" data-widget_type=\"button.default\">\n\t\t\t\t<div class=\"elementor-widget-container\">\n\t\t\t\t\t\t\t\t\t<div class=\"elementor-button-wrapper\">\n\t\t\t\t\t<a class=\"elementor-button elementor-button-link elementor-size-sm\" href=\"https:\/\/clemonte-hotel.com\/the-luxe-cozy\">\n\t\t\t\t\t\t<span class=\"elementor-button-content-wrapper\">\n\t\t\t\t\t\t\t\t\t<span class=\"elementor-button-text\">MEHR INFOS<\/span>\n\t\t\t\t\t<\/span>\n\t\t\t\t\t<\/a>\n\t\t\t\t<\/div>\n\t\t\t\t\t\t\t\t<\/div>\n\t\t\t\t<\/div>\n\t\t\t\t<\/div>\n\t\t<div class=\"elementor-element elementor-element-bed6641 e-con-full e-flex elementor-invisible e-con e-child\" data-id=\"bed6641\" data-element_type=\"container\" data-e-type=\"container\" data-settings=\"{&quot;animation&quot;:&quot;fadeInUp&quot;,&quot;animation_delay&quot;:300}\">\n\t\t<a class=\"elementor-element elementor-element-118d98a e-flex e-con-boxed e-con e-child\" data-id=\"118d98a\" data-element_type=\"container\" data-e-type=\"container\" data-settings=\"{&quot;background_background&quot;:&quot;classic&quot;}\" href=\"https:\/\/clemonte-hotel.com\/en\/rooms\/the-luxe-apartment\/\">\n\t\t\t\t\t<div class=\"e-con-inner\">\n\t\t\t\t\t<\/div>\n\t\t\t\t<\/a>\n\t\t\t\t<div class=\"elementor-element elementor-element-5db3520 elementor-widget elementor-widget-heading\" data-id=\"5db3520\" data-element_type=\"widget\" data-e-type=\"widget\" data-widget_type=\"heading.default\">\n\t\t\t\t<div class=\"elementor-widget-container\">\n\t\t\t\t\t<h2 class=\"elementor-heading-title elementor-size-default\">The Luxe Terrace Apartment<\/h2>\t\t\t\t<\/div>\n\t\t\t\t<\/div>\n\t\t\t\t<div class=\"elementor-element elementor-element-b3ac6ef elementor-widget elementor-widget-text-editor\" data-id=\"b3ac6ef\" data-element_type=\"widget\" data-e-type=\"widget\" data-widget_type=\"text-editor.default\">\n\t\t\t\t<div class=\"elementor-widget-container\">\n\t\t\t\t\t\t\t\t\t<p>Etwas exzentrisch und umso inspirierender.<\/p>\t\t\t\t\t\t\t\t<\/div>\n\t\t\t\t<\/div>\n\t\t\t\t<div class=\"elementor-element elementor-element-116bacd elementor-align-center elementor-widget elementor-widget-button\" data-id=\"116bacd\" data-element_type=\"widget\" data-e-type=\"widget\" data-widget_type=\"button.default\">\n\t\t\t\t<div class=\"elementor-widget-container\">\n\t\t\t\t\t\t\t\t\t<div class=\"elementor-button-wrapper\">\n\t\t\t\t\t<a class=\"elementor-button elementor-button-link elementor-size-sm\" href=\"https:\/\/clemonte-hotel.com\/the-luxe-apartment\">\n\t\t\t\t\t\t<span class=\"elementor-button-content-wrapper\">\n\t\t\t\t\t\t\t\t\t<span class=\"elementor-button-text\">MEHR INFOS<\/span>\n\t\t\t\t\t<\/span>\n\t\t\t\t\t<\/a>\n\t\t\t\t<\/div>\n\t\t\t\t\t\t\t\t<\/div>\n\t\t\t\t<\/div>\n\t\t\t\t<\/div>\n\t\t\t\t\t<\/div>\n\t\t\t\t<\/div>\n\t\t\t\t<\/div>\n\t\t<div class=\"elementor-element elementor-element-1d7eee8 e-con-full e-flex e-con e-parent\" data-id=\"1d7eee8\" data-element_type=\"container\" data-e-type=\"container\" data-settings=\"{&quot;background_background&quot;:&quot;classic&quot;}\">\n\t\t<div class=\"elementor-element elementor-element-0e6c0ee e-flex e-con-boxed e-con e-child\" data-id=\"0e6c0ee\" data-element_type=\"container\" data-e-type=\"container\">\n\t\t\t\t\t<div class=\"e-con-inner\">\n\t\t<div class=\"elementor-element elementor-element-aeba7ce e-con-full animated-fast e-flex elementor-invisible e-con e-child\" data-id=\"aeba7ce\" data-element_type=\"container\" data-e-type=\"container\" data-settings=\"{&quot;animation&quot;:&quot;fadeInUp&quot;,&quot;animation_delay&quot;:0}\">\n\t\t<a class=\"elementor-element elementor-element-d0e0066 e-flex e-con-boxed e-con e-child\" data-id=\"d0e0066\" data-element_type=\"container\" data-e-type=\"container\" data-settings=\"{&quot;background_background&quot;:&quot;classic&quot;}\" href=\"https:\/\/clemonte-hotel.com\/en\/rooms\/the-green-apartment\/\">\n\t\t\t\t\t<div class=\"e-con-inner\">\n\t\t\t\t\t<\/div>\n\t\t\t\t<\/a>\n\t\t\t\t<div class=\"elementor-element elementor-element-f7ad786 elementor-widget elementor-widget-heading\" data-id=\"f7ad786\" data-element_type=\"widget\" data-e-type=\"widget\" data-widget_type=\"heading.default\">\n\t\t\t\t<div class=\"elementor-widget-container\">\n\t\t\t\t\t<h2 class=\"elementor-heading-title elementor-size-default\">The Green Apartment <\/h2>\t\t\t\t<\/div>\n\t\t\t\t<\/div>\n\t\t\t\t<div class=\"elementor-element elementor-element-db29b44 elementor-widget elementor-widget-text-editor\" data-id=\"db29b44\" data-element_type=\"widget\" data-e-type=\"widget\" data-widget_type=\"text-editor.default\">\n\t\t\t\t<div class=\"elementor-widget-container\">\n\t\t\t\t\t\t\t\t\t<p>Gem\u00fctlichkeit hat einen neuen Namen \u2013 schlafen Sie himmlisch entspannt.<\/p>\t\t\t\t\t\t\t\t<\/div>\n\t\t\t\t<\/div>\n\t\t\t\t<div class=\"elementor-element elementor-element-c5ba1e8 elementor-align-center elementor-widget elementor-widget-button\" data-id=\"c5ba1e8\" data-element_type=\"widget\" data-e-type=\"widget\" data-widget_type=\"button.default\">\n\t\t\t\t<div class=\"elementor-widget-container\">\n\t\t\t\t\t\t\t\t\t<div class=\"elementor-button-wrapper\">\n\t\t\t\t\t<a class=\"elementor-button elementor-button-link elementor-size-sm\" href=\"http:\/\/clemonte-hotel.com\/the-green-apartment\">\n\t\t\t\t\t\t<span class=\"elementor-button-content-wrapper\">\n\t\t\t\t\t\t\t\t\t<span class=\"elementor-button-text\">MEHR INFOS<\/span>\n\t\t\t\t\t<\/span>\n\t\t\t\t\t<\/a>\n\t\t\t\t<\/div>\n\t\t\t\t\t\t\t\t<\/div>\n\t\t\t\t<\/div>\n\t\t\t\t<\/div>\n\t\t<div class=\"elementor-element elementor-element-19ae381 e-con-full e-flex elementor-invisible e-con e-child\" data-id=\"19ae381\" data-element_type=\"container\" data-e-type=\"container\" data-settings=\"{&quot;animation&quot;:&quot;fadeInUp&quot;,&quot;animation_delay&quot;:300}\">\n\t\t<a class=\"elementor-element elementor-element-e7bf5fb e-flex e-con-boxed e-con e-child\" data-id=\"e7bf5fb\" data-element_type=\"container\" data-e-type=\"container\" data-settings=\"{&quot;background_background&quot;:&quot;classic&quot;}\" href=\"https:\/\/clemonte-hotel.com\/en\/rooms\/the-attic-cozy\/\">\n\t\t\t\t\t<div class=\"e-con-inner\">\n\t\t\t\t\t<\/div>\n\t\t\t\t<\/a>\n\t\t\t\t<div class=\"elementor-element elementor-element-016f865 elementor-widget elementor-widget-heading\" data-id=\"016f865\" data-element_type=\"widget\" data-e-type=\"widget\" data-widget_type=\"heading.default\">\n\t\t\t\t<div class=\"elementor-widget-container\">\n\t\t\t\t\t<h2 class=\"elementor-heading-title elementor-size-default\">The Attic Cozy<\/h2>\t\t\t\t<\/div>\n\t\t\t\t<\/div>\n\t\t\t\t<div class=\"elementor-element elementor-element-3ae9b02 elementor-widget elementor-widget-text-editor\" data-id=\"3ae9b02\" data-element_type=\"widget\" data-e-type=\"widget\" data-widget_type=\"text-editor.default\">\n\t\t\t\t<div class=\"elementor-widget-container\">\n\t\t\t\t\t\t\t\t\t<div class=\"group w-full text-gray-800 dark:text-gray-100 border-b border-black\/10 dark:border-gray-900\/50 bg-gray-50 dark:bg-[#444654]\"><div class=\"flex p-4 gap-4 text-base md:gap-6 md:max-w-2xl lg:max-w-[38rem] xl:max-w-3xl md:py-6 lg:px-0 m-auto\"><div class=\"relative flex w-[calc(100%-50px)] flex-col gap-1 md:gap-3 lg:w-[calc(100%-115px)]\"><div class=\"flex flex-grow flex-col gap-3\"><div class=\"min-h-[20px] flex flex-col items-start gap-4 whitespace-pre-wrap break-words\"><div class=\"markdown prose w-full break-words dark:prose-invert light\"><p>Sie sind ein Fan von warmen, gem\u00fctlichen Ecken und eleganten Details? Dieses romantische Zimmer ist genau das Richtige f\u00fcr Sie.<\/p><\/div><\/div><\/div><\/div><\/div><\/div>\t\t\t\t\t\t\t\t<\/div>\n\t\t\t\t<\/div>\n\t\t\t\t<div class=\"elementor-element elementor-element-db44582 elementor-align-center elementor-widget elementor-widget-button\" data-id=\"db44582\" data-element_type=\"widget\" data-e-type=\"widget\" data-widget_type=\"button.default\">\n\t\t\t\t<div class=\"elementor-widget-container\">\n\t\t\t\t\t\t\t\t\t<div class=\"elementor-button-wrapper\">\n\t\t\t\t\t<a class=\"elementor-button elementor-button-link elementor-size-sm\" href=\"http:\/\/clemonte-hotel.com\/the-attic-cozy\">\n\t\t\t\t\t\t<span class=\"elementor-button-content-wrapper\">\n\t\t\t\t\t\t\t\t\t<span class=\"elementor-button-text\">MEHR INFOS<\/span>\n\t\t\t\t\t<\/span>\n\t\t\t\t\t<\/a>\n\t\t\t\t<\/div>\n\t\t\t\t\t\t\t\t<\/div>\n\t\t\t\t<\/div>\n\t\t\t\t<\/div>\n\t\t\t\t\t<\/div>\n\t\t\t\t<\/div>\n\t\t\t\t<\/div>\n\t\t<div class=\"elementor-element elementor-element-57586a6 e-con-full e-flex e-con e-parent\" data-id=\"57586a6\" data-element_type=\"container\" data-e-type=\"container\" data-settings=\"{&quot;background_background&quot;:&quot;classic&quot;}\">\n\t\t<div class=\"elementor-element elementor-element-3be0378 e-flex e-con-boxed e-con e-child\" data-id=\"3be0378\" data-element_type=\"container\" data-e-type=\"container\">\n\t\t\t\t\t<div class=\"e-con-inner\">\n\t\t<div class=\"elementor-element elementor-element-e72bb6d e-con-full e-flex elementor-invisible e-con e-child\" data-id=\"e72bb6d\" data-element_type=\"container\" data-e-type=\"container\" data-settings=\"{&quot;animation&quot;:&quot;fadeInUp&quot;,&quot;animation_delay&quot;:200}\">\n\t\t<a class=\"elementor-element elementor-element-b1b9a4d e-flex e-con-boxed e-con e-child\" data-id=\"b1b9a4d\" data-element_type=\"container\" data-e-type=\"container\" data-settings=\"{&quot;background_background&quot;:&quot;classic&quot;}\" href=\"https:\/\/clemonte-hotel.com\/en\/rooms\/the-attic-solo\/\">\n\t\t\t\t\t<div class=\"e-con-inner\">\n\t\t\t\t\t<\/div>\n\t\t\t\t<\/a>\n\t\t\t\t<div class=\"elementor-element elementor-element-365d500 elementor-widget elementor-widget-heading\" data-id=\"365d500\" data-element_type=\"widget\" data-e-type=\"widget\" data-widget_type=\"heading.default\">\n\t\t\t\t<div class=\"elementor-widget-container\">\n\t\t\t\t\t<h2 class=\"elementor-heading-title elementor-size-default\">The Attic Solo<\/h2>\t\t\t\t<\/div>\n\t\t\t\t<\/div>\n\t\t\t\t<div class=\"elementor-element elementor-element-e9d127b elementor-widget elementor-widget-text-editor\" data-id=\"e9d127b\" data-element_type=\"widget\" data-e-type=\"widget\" data-widget_type=\"text-editor.default\">\n\t\t\t\t<div class=\"elementor-widget-container\">\n\t\t\t\t\t\t\t\t\t<p>Sie reisen alleine und m\u00f6chten dennoch die K\u00f6niglichkeit bei Ihrem Hotelaufenthalt f\u00fchlen?\u00a0<\/p>\t\t\t\t\t\t\t\t<\/div>\n\t\t\t\t<\/div>\n\t\t\t\t<div class=\"elementor-element elementor-element-21225fe elementor-align-center elementor-widget elementor-widget-button\" data-id=\"21225fe\" data-element_type=\"widget\" data-e-type=\"widget\" data-widget_type=\"button.default\">\n\t\t\t\t<div class=\"elementor-widget-container\">\n\t\t\t\t\t\t\t\t\t<div class=\"elementor-button-wrapper\">\n\t\t\t\t\t<a class=\"elementor-button elementor-button-link elementor-size-sm\" href=\"http:\/\/clemonte-hotel.com\/the-attic-solo\">\n\t\t\t\t\t\t<span class=\"elementor-button-content-wrapper\">\n\t\t\t\t\t\t\t\t\t<span class=\"elementor-button-text\">MEHR INFOS<\/span>\n\t\t\t\t\t<\/span>\n\t\t\t\t\t<\/a>\n\t\t\t\t<\/div>\n\t\t\t\t\t\t\t\t<\/div>\n\t\t\t\t<\/div>\n\t\t\t\t<\/div>\n\t\t<div class=\"elementor-element elementor-element-baad329 e-con-full e-flex elementor-invisible e-con e-child\" data-id=\"baad329\" data-element_type=\"container\" data-e-type=\"container\" data-settings=\"{&quot;animation&quot;:&quot;fadeInUp&quot;,&quot;animation_delay&quot;:300}\">\n\t\t<a class=\"elementor-element elementor-element-74b8e03 e-flex e-con-boxed e-con e-child\" data-id=\"74b8e03\" data-element_type=\"container\" data-e-type=\"container\" data-settings=\"{&quot;background_background&quot;:&quot;classic&quot;}\" href=\"https:\/\/clemonte-hotel.com\/en\/rooms\/the-city-loft\/\">\n\t\t\t\t\t<div class=\"e-con-inner\">\n\t\t\t\t\t<\/div>\n\t\t\t\t<\/a>\n\t\t\t\t<div class=\"elementor-element elementor-element-4c38678 elementor-widget elementor-widget-heading\" data-id=\"4c38678\" data-element_type=\"widget\" data-e-type=\"widget\" data-widget_type=\"heading.default\">\n\t\t\t\t<div class=\"elementor-widget-container\">\n\t\t\t\t\t<h2 class=\"elementor-heading-title elementor-size-default\">The City Loft<\/h2>\t\t\t\t<\/div>\n\t\t\t\t<\/div>\n\t\t\t\t<div class=\"elementor-element elementor-element-f37b445 elementor-widget elementor-widget-text-editor\" data-id=\"f37b445\" data-element_type=\"widget\" data-e-type=\"widget\" data-widget_type=\"text-editor.default\">\n\t\t\t\t<div class=\"elementor-widget-container\">\n\t\t\t\t\t\t\t\t\t<p>Treten Sie ein in eine Welt des Luxus und der Raffinesse mit Clemontes City Loft.\u00a0<\/p>\t\t\t\t\t\t\t\t<\/div>\n\t\t\t\t<\/div>\n\t\t\t\t<div class=\"elementor-element elementor-element-69a003d elementor-align-center elementor-widget elementor-widget-button\" data-id=\"69a003d\" data-element_type=\"widget\" data-e-type=\"widget\" data-widget_type=\"button.default\">\n\t\t\t\t<div class=\"elementor-widget-container\">\n\t\t\t\t\t\t\t\t\t<div class=\"elementor-button-wrapper\">\n\t\t\t\t\t<a class=\"elementor-button elementor-button-link elementor-size-sm\" href=\"http:\/\/clemonte-hotel.com\/the-city-loft\">\n\t\t\t\t\t\t<span class=\"elementor-button-content-wrapper\">\n\t\t\t\t\t\t\t\t\t<span class=\"elementor-button-text\">MEHR INFOS<\/span>\n\t\t\t\t\t<\/span>\n\t\t\t\t\t<\/a>\n\t\t\t\t<\/div>\n\t\t\t\t\t\t\t\t<\/div>\n\t\t\t\t<\/div>\n\t\t\t\t<\/div>\n\t\t\t\t\t<\/div>\n\t\t\t\t<\/div>\n\t\t\t\t<\/div>\n\t\t\t\t<\/div>\n\t\t","protected":false},"excerpt":{"rendered":"<p>KEIN ZIMMER GLEICHT DEM ANDEREN Inmitten von Salzburg liegt unser gem\u00fctliches Boutique-Hotel, das eine Auswahl sorgf\u00e4ltig gestalteter Zimmer bietet, die die perfekte Balance zwischen Luxus und Komfort bieten. Jedes Zimmer ist einzigartig dekoriert und mit k\u00fcnstlerischem Geschick gestaltet, um eine Atmosph\u00e4re zu schaffen, die Raffinesse ausstrahlt. Unser warmes Farbkonzept sorgt f\u00fcr eine gem\u00fctliche Atmosph\u00e4re, w\u00e4hrend [&hellip;]<\/p>\n","protected":false},"author":1,"featured_media":0,"parent":0,"menu_order":0,"comment_status":"closed","ping_status":"closed","template":"","meta":{"_monsterinsights_skip_tracking":false,"_monsterinsights_sitenote_active":false,"_monsterinsights_sitenote_note":"","_monsterinsights_sitenote_category":0,"footnotes":""},"class_list":["post-1605","page","type-page","status-publish","hentry"],"aioseo_notices":[],"_links":{"self":[{"href":"https:\/\/clemonte-hotel.com\/en\/wp-json\/wp\/v2\/pages\/1605","targetHints":{"allow":["GET"]}}],"collection":[{"href":"https:\/\/clemonte-hotel.com\/en\/wp-json\/wp\/v2\/pages"}],"about":[{"href":"https:\/\/clemonte-hotel.com\/en\/wp-json\/wp\/v2\/types\/page"}],"author":[{"embeddable":true,"href":"https:\/\/clemonte-hotel.com\/en\/wp-json\/wp\/v2\/users\/1"}],"replies":[{"embeddable":true,"href":"https:\/\/clemonte-hotel.com\/en\/wp-json\/wp\/v2\/comments?post=1605"}],"version-history":[{"count":156,"href":"https:\/\/clemonte-hotel.com\/en\/wp-json\/wp\/v2\/pages\/1605\/revisions"}],"predecessor-version":[{"id":5019,"href":"https:\/\/clemonte-hotel.com\/en\/wp-json\/wp\/v2\/pages\/1605\/revisions\/5019"}],"wp:attachment":[{"href":"https:\/\/clemonte-hotel.com\/en\/wp-json\/wp\/v2\/media?parent=1605"}],"curies":[{"name":"wp","href":"https:\/\/api.w.org\/{rel}","templated":true}]}}