{"id":1133,"date":"2023-05-04T11:55:58","date_gmt":"2023-05-04T09:55:58","guid":{"rendered":"http:\/\/clemonte-hotel.com.dedi2578.your-server.de\/clemonte23\/?page_id=1133"},"modified":"2023-07-20T15:36:14","modified_gmt":"2023-07-20T13:36:14","slug":"amenities","status":"publish","type":"page","link":"https:\/\/clemonte-hotel.com\/en\/amenities\/","title":{"rendered":"AMENITIES"},"content":{"rendered":"\t\t<div data-elementor-type=\"wp-page\" data-elementor-id=\"1133\" class=\"elementor elementor-1133\" data-elementor-post-type=\"page\">\n\t\t\t\t<div class=\"elementor-element elementor-element-cbe4279 e-flex e-con-boxed e-con e-parent\" data-id=\"cbe4279\" data-element_type=\"container\" data-e-type=\"container\">\n\t\t\t\t\t<div class=\"e-con-inner\">\n\t\t<div class=\"elementor-element elementor-element-c745163 e-flex e-con-boxed e-con e-parent\" data-id=\"c745163\" data-element_type=\"container\" data-e-type=\"container\" data-settings=\"{&quot;background_background&quot;:&quot;classic&quot;}\">\n\t\t\t\t\t<div class=\"e-con-inner\">\n\t\t\t\t<div class=\"elementor-element elementor-element-a10c700 elementor-widget elementor-widget-image\" data-id=\"a10c700\" data-element_type=\"widget\" data-e-type=\"widget\" data-settings=\"{&quot;motion_fx_motion_fx_scrolling&quot;:&quot;yes&quot;,&quot;motion_fx_translateY_effect&quot;:&quot;yes&quot;,&quot;motion_fx_translateY_speed&quot;:{&quot;unit&quot;:&quot;px&quot;,&quot;size&quot;:1.3000000000000000444089209850062616169452667236328125,&quot;sizes&quot;:[]},&quot;motion_fx_translateY_affectedRange&quot;:{&quot;unit&quot;:&quot;%&quot;,&quot;size&quot;:&quot;&quot;,&quot;sizes&quot;:{&quot;start&quot;:0,&quot;end&quot;:100}},&quot;motion_fx_devices&quot;:[&quot;desktop&quot;,&quot;tablet&quot;,&quot;mobile&quot;]}\" data-widget_type=\"image.default\">\n\t\t\t\t<div class=\"elementor-widget-container\">\n\t\t\t\t\t\t\t\t\t\t\t\t\t\t\t<img fetchpriority=\"high\" decoding=\"async\" width=\"2560\" height=\"1707\" src=\"https:\/\/clemonte-hotel.com\/wp-content\/uploads\/2023\/07\/Clemonte_GH101326_web_\u00a9Gregor_Hofbauer.jpg\" class=\"attachment-full size-full wp-image-3067\" alt=\"\" srcset=\"https:\/\/clemonte-hotel.com\/wp-content\/uploads\/2023\/07\/Clemonte_GH101326_web_\u00a9Gregor_Hofbauer.jpg 2560w, https:\/\/clemonte-hotel.com\/wp-content\/uploads\/2023\/07\/Clemonte_GH101326_web_\u00a9Gregor_Hofbauer-300x200.jpg 300w, https:\/\/clemonte-hotel.com\/wp-content\/uploads\/2023\/07\/Clemonte_GH101326_web_\u00a9Gregor_Hofbauer-1024x683.jpg 1024w, https:\/\/clemonte-hotel.com\/wp-content\/uploads\/2023\/07\/Clemonte_GH101326_web_\u00a9Gregor_Hofbauer-768x512.jpg 768w, https:\/\/clemonte-hotel.com\/wp-content\/uploads\/2023\/07\/Clemonte_GH101326_web_\u00a9Gregor_Hofbauer-1536x1024.jpg 1536w, https:\/\/clemonte-hotel.com\/wp-content\/uploads\/2023\/07\/Clemonte_GH101326_web_\u00a9Gregor_Hofbauer-2048x1366.jpg 2048w, https:\/\/clemonte-hotel.com\/wp-content\/uploads\/2023\/07\/Clemonte_GH101326_web_\u00a9Gregor_Hofbauer-18x12.jpg 18w\" sizes=\"(max-width: 2560px) 100vw, 2560px\" \/>\t\t\t\t\t\t\t\t\t\t\t\t\t\t\t<\/div>\n\t\t\t\t<\/div>\n\t\t\t\t\t<\/div>\n\t\t\t\t<\/div>\n\t\t\t\t\t<\/div>\n\t\t\t\t<\/div>\n\t\t<div class=\"elementor-element elementor-element-5c7e8a6d e-flex e-con-boxed e-con e-parent\" data-id=\"5c7e8a6d\" data-element_type=\"container\" data-e-type=\"container\" data-settings=\"{&quot;background_background&quot;:&quot;classic&quot;}\">\n\t\t\t\t\t<div class=\"e-con-inner\">\n\t\t<div class=\"elementor-element elementor-element-6678e3ef e-con-full animated-fast e-flex elementor-invisible e-con e-parent\" data-id=\"6678e3ef\" data-element_type=\"container\" data-e-type=\"container\" data-settings=\"{&quot;motion_fx_motion_fx_scrolling&quot;:&quot;yes&quot;,&quot;motion_fx_translateY_effect&quot;:&quot;yes&quot;,&quot;motion_fx_translateY_speed&quot;:{&quot;unit&quot;:&quot;px&quot;,&quot;size&quot;:2,&quot;sizes&quot;:[]},&quot;animation&quot;:&quot;fadeInUp&quot;,&quot;motion_fx_translateY_affectedRange&quot;:{&quot;unit&quot;:&quot;%&quot;,&quot;size&quot;:&quot;&quot;,&quot;sizes&quot;:{&quot;start&quot;:0,&quot;end&quot;:100}},&quot;motion_fx_devices&quot;:[&quot;desktop&quot;,&quot;tablet&quot;,&quot;mobile&quot;]}\">\n\t\t\t\t<div class=\"elementor-element elementor-element-1ff3c8ef elementor-widget-tablet__width-inherit elementor-widget elementor-widget-heading\" data-id=\"1ff3c8ef\" data-element_type=\"widget\" data-e-type=\"widget\" data-widget_type=\"heading.default\">\n\t\t\t\t<div class=\"elementor-widget-container\">\n\t\t\t\t\t<h2 class=\"elementor-heading-title elementor-size-default\">F\u00dcR EINEN UNVERGESSLICHEN KOMFORT HABEN WIR DIE LUXURI\u00d6SEN PRODUKTE F\u00dcR SIE AUSGEW\u00c4HLT<\/h2>\t\t\t\t<\/div>\n\t\t\t\t<\/div>\n\t\t\t\t<\/div>\n\t\t<div class=\"elementor-element elementor-element-700a22ac e-con-full animated-fast e-flex elementor-invisible e-con e-parent\" data-id=\"700a22ac\" data-element_type=\"container\" data-e-type=\"container\" data-settings=\"{&quot;motion_fx_motion_fx_scrolling&quot;:&quot;yes&quot;,&quot;motion_fx_translateY_effect&quot;:&quot;yes&quot;,&quot;motion_fx_translateY_speed&quot;:{&quot;unit&quot;:&quot;px&quot;,&quot;size&quot;:3,&quot;sizes&quot;:[]},&quot;animation&quot;:&quot;fadeInUp&quot;,&quot;animation_delay&quot;:200,&quot;motion_fx_translateY_affectedRange&quot;:{&quot;unit&quot;:&quot;%&quot;,&quot;size&quot;:&quot;&quot;,&quot;sizes&quot;:{&quot;start&quot;:0,&quot;end&quot;:100}},&quot;motion_fx_devices&quot;:[&quot;desktop&quot;,&quot;tablet&quot;,&quot;mobile&quot;]}\">\n\t\t\t\t<div class=\"elementor-element elementor-element-4b0fc6ad elementor-widget-tablet__width-inherit elementor-widget elementor-widget-text-editor\" data-id=\"4b0fc6ad\" data-element_type=\"widget\" data-e-type=\"widget\" data-widget_type=\"text-editor.default\">\n\t\t\t\t<div class=\"elementor-widget-container\">\n\t\t\t\t\t\t\t\t\t<p>Wir legen gro\u00dfen Wert auf das Wohlbefinden unserer G\u00e4ste, daher haben wir uns f\u00fcr erstklassige Pflegeartikel und eine hochwertige Ausstattung in unserem Hotel entschieden. Wir m\u00f6chten sicherstellen, dass Sie sich w\u00e4hrend Ihres Aufenthalts rundum verw\u00f6hnt und gepflegt f\u00fchlen. Von luxuri\u00f6sen Badeprodukten bis hin zu bequemen Betten und stilvollen M\u00f6beln haben wir jedes Detail sorgf\u00e4ltig ausgew\u00e4hlt, um Ihnen einen erstklassigen Komfort zu bieten. Unsere G\u00e4ste verdienen nur das Beste, und deshalb setzen wir auf Qualit\u00e4t und Exzellenz in jeder Hinsicht.<\/p>\t\t\t\t\t\t\t\t<\/div>\n\t\t\t\t<\/div>\n\t\t\t\t<\/div>\n\t\t\t\t\t<\/div>\n\t\t\t\t<\/div>\n\t\t<div class=\"elementor-element elementor-element-ad181f5 e-con-full e-flex e-con e-parent\" data-id=\"ad181f5\" data-element_type=\"container\" data-e-type=\"container\" data-settings=\"{&quot;background_background&quot;:&quot;classic&quot;}\">\n\t\t<div class=\"elementor-element elementor-element-02ece3c e-con-full e-flex e-con e-parent\" data-id=\"02ece3c\" data-element_type=\"container\" data-e-type=\"container\">\n\t\t\t\t<div class=\"elementor-element elementor-element-040a12a elementor-widget elementor-widget-image\" data-id=\"040a12a\" data-element_type=\"widget\" data-e-type=\"widget\" data-widget_type=\"image.default\">\n\t\t\t\t<div class=\"elementor-widget-container\">\n\t\t\t\t\t\t\t\t\t\t\t\t\t\t\t<img decoding=\"async\" width=\"300\" height=\"269\" src=\"https:\/\/clemonte-hotel.com\/wp-content\/uploads\/2023\/05\/Homepage_Clemonte2-300x269.png\" class=\"attachment-medium size-medium wp-image-1560\" alt=\"\" srcset=\"https:\/\/clemonte-hotel.com\/wp-content\/uploads\/2023\/05\/Homepage_Clemonte2-300x269.png 300w, https:\/\/clemonte-hotel.com\/wp-content\/uploads\/2023\/05\/Homepage_Clemonte2.png 628w\" sizes=\"(max-width: 300px) 100vw, 300px\" \/>\t\t\t\t\t\t\t\t\t\t\t\t\t\t\t<\/div>\n\t\t\t\t<\/div>\n\t\t\t\t<\/div>\n\t\t<div class=\"elementor-element elementor-element-9fd0da6 e-con-full e-flex e-con e-parent\" data-id=\"9fd0da6\" data-element_type=\"container\" data-e-type=\"container\">\n\t\t<div class=\"elementor-element elementor-element-57d5d67 e-flex e-con-boxed e-con e-parent\" data-id=\"57d5d67\" data-element_type=\"container\" data-e-type=\"container\">\n\t\t\t\t\t<div class=\"e-con-inner\">\n\t\t\t\t<div class=\"elementor-element elementor-element-b449ab5 elementor-widget elementor-widget-heading\" data-id=\"b449ab5\" data-element_type=\"widget\" data-e-type=\"widget\" data-widget_type=\"heading.default\">\n\t\t\t\t<div class=\"elementor-widget-container\">\n\t\t\t\t\t<h2 class=\"elementor-heading-title elementor-size-default\">VERW\u00d6HNEN SIE SICH<\/h2>\t\t\t\t<\/div>\n\t\t\t\t<\/div>\n\t\t\t\t\t<\/div>\n\t\t\t\t<\/div>\n\t\t<div class=\"elementor-element elementor-element-6557d99 e-flex e-con-boxed e-con e-parent\" data-id=\"6557d99\" data-element_type=\"container\" data-e-type=\"container\">\n\t\t\t\t\t<div class=\"e-con-inner\">\n\t\t\t\t<div class=\"elementor-element elementor-element-7ca29e6 elementor-widget elementor-widget-text-editor\" data-id=\"7ca29e6\" data-element_type=\"widget\" data-e-type=\"widget\" data-widget_type=\"text-editor.default\">\n\t\t\t\t<div class=\"elementor-widget-container\">\n\t\t\t\t\t\t\t\t\t<p>Lieben Sie es, verw\u00f6hnt zu werden? Zu den Highlights im Clemonte geh\u00f6ren Wellness-Badezimmer und luxuri\u00f6se Annehmlichkeiten mit Produkten von Copenhagen Bath und der hochwertige schwedischen Kosmetikmarke L:A Bruket.<\/p>\t\t\t\t\t\t\t\t<\/div>\n\t\t\t\t<\/div>\n\t\t\t\t\t<\/div>\n\t\t\t\t<\/div>\n\t\t\t\t<\/div>\n\t\t\t\t<\/div>\n\t\t<div class=\"elementor-element elementor-element-c0c3441 e-flex e-con-boxed e-con e-parent\" data-id=\"c0c3441\" data-element_type=\"container\" data-e-type=\"container\">\n\t\t\t\t\t<div class=\"e-con-inner\">\n\t\t\t\t<div class=\"elementor-element elementor-element-e77376f elementor-widget elementor-widget-spacer\" data-id=\"e77376f\" data-element_type=\"widget\" data-e-type=\"widget\" data-widget_type=\"spacer.default\">\n\t\t\t\t<div class=\"elementor-widget-container\">\n\t\t\t\t\t\t\t<div class=\"elementor-spacer\">\n\t\t\t<div class=\"elementor-spacer-inner\"><\/div>\n\t\t<\/div>\n\t\t\t\t\t\t<\/div>\n\t\t\t\t<\/div>\n\t\t\t\t\t<\/div>\n\t\t\t\t<\/div>\n\t\t<div class=\"elementor-element elementor-element-6f4d940 e-flex e-con-boxed e-con e-parent\" data-id=\"6f4d940\" data-element_type=\"container\" data-e-type=\"container\">\n\t\t\t\t\t<div class=\"e-con-inner\">\n\t\t<div class=\"elementor-element elementor-element-df99cde e-con-full e-flex e-con e-parent\" data-id=\"df99cde\" data-element_type=\"container\" data-e-type=\"container\">\n\t\t\t\t<div class=\"elementor-element elementor-element-a5fedf6 elementor-widget elementor-widget-text-editor\" data-id=\"a5fedf6\" data-element_type=\"widget\" data-e-type=\"widget\" data-widget_type=\"text-editor.default\">\n\t\t\t\t<div class=\"elementor-widget-container\">\n\t\t\t\t\t\t\t\t\t<p>In unserem Hotel erwartet Sie ein besonderes Highlight &#8211; unser Shop, in dem ausgew\u00e4hlte K\u00f6stlichkeiten auf unsere G\u00e4ste warten. Hier finden Sie eine vielf\u00e4ltige Auswahl an delikaten Leckereien, von regionalen Spezialit\u00e4ten bis hin zu internationalen Gaumenfreuden. Egal ob Sie sich mit einem Snack f\u00fcr zwischendurch verw\u00f6hnen m\u00f6chten oder nach einem besonderen Mitbringsel suchen, unser Shop bietet Ihnen die M\u00f6glichkeit, kulinarische Gen\u00fcsse direkt im Hotel zu entdecken.<\/p>\t\t\t\t\t\t\t\t<\/div>\n\t\t\t\t<\/div>\n\t\t\t\t<\/div>\n\t\t<div class=\"elementor-element elementor-element-778148b e-con-full e-flex e-con e-parent\" data-id=\"778148b\" data-element_type=\"container\" data-e-type=\"container\">\n\t\t\t\t<\/div>\n\t\t\t\t\t<\/div>\n\t\t\t\t<\/div>\n\t\t\t\t<\/div>\n\t\t","protected":false},"excerpt":{"rendered":"<p>F\u00dcR EINEN UNVERGESSLICHEN KOMFORT HABEN WIR DIE LUXURI\u00d6SEN PRODUKTE F\u00dcR SIE AUSGEW\u00c4HLT Wir legen gro\u00dfen Wert auf das Wohlbefinden unserer G\u00e4ste, daher haben wir uns f\u00fcr erstklassige Pflegeartikel und eine hochwertige Ausstattung in unserem Hotel entschieden. Wir m\u00f6chten sicherstellen, dass Sie sich w\u00e4hrend Ihres Aufenthalts rundum verw\u00f6hnt und gepflegt f\u00fchlen. Von luxuri\u00f6sen Badeprodukten bis hin [&hellip;]<\/p>\n","protected":false},"author":1,"featured_media":0,"parent":0,"menu_order":0,"comment_status":"closed","ping_status":"closed","template":"","meta":{"_monsterinsights_skip_tracking":false,"_monsterinsights_sitenote_active":false,"_monsterinsights_sitenote_note":"","_monsterinsights_sitenote_category":0,"footnotes":""},"class_list":["post-1133","page","type-page","status-publish","hentry"],"aioseo_notices":[],"_links":{"self":[{"href":"https:\/\/clemonte-hotel.com\/en\/wp-json\/wp\/v2\/pages\/1133","targetHints":{"allow":["GET"]}}],"collection":[{"href":"https:\/\/clemonte-hotel.com\/en\/wp-json\/wp\/v2\/pages"}],"about":[{"href":"https:\/\/clemonte-hotel.com\/en\/wp-json\/wp\/v2\/types\/page"}],"author":[{"embeddable":true,"href":"https:\/\/clemonte-hotel.com\/en\/wp-json\/wp\/v2\/users\/1"}],"replies":[{"embeddable":true,"href":"https:\/\/clemonte-hotel.com\/en\/wp-json\/wp\/v2\/comments?post=1133"}],"version-history":[{"count":152,"href":"https:\/\/clemonte-hotel.com\/en\/wp-json\/wp\/v2\/pages\/1133\/revisions"}],"predecessor-version":[{"id":3161,"href":"https:\/\/clemonte-hotel.com\/en\/wp-json\/wp\/v2\/pages\/1133\/revisions\/3161"}],"wp:attachment":[{"href":"https:\/\/clemonte-hotel.com\/en\/wp-json\/wp\/v2\/media?parent=1133"}],"curies":[{"name":"wp","href":"https:\/\/api.w.org\/{rel}","templated":true}]}}