{"id":1116,"date":"2023-05-04T11:29:43","date_gmt":"2023-05-04T09:29:43","guid":{"rendered":"http:\/\/clemonte-hotel.com.dedi2578.your-server.de\/clemonte23\/?page_id=1116"},"modified":"2025-12-16T14:32:12","modified_gmt":"2025-12-16T13:32:12","slug":"imprint-privacy","status":"publish","type":"page","link":"https:\/\/clemonte-hotel.com\/en\/imprint-privacy\/","title":{"rendered":"IMPRINT &#038; PRIVACY"},"content":{"rendered":"<h1>IMPRINT &amp; PRIVACY<\/h1>\n<p><strong>COMMERCIAL REGISTRY<\/strong> <br \/>Hotel <br \/>FN&nbsp;637618z, Landesgericht Salzburg&nbsp;<\/p>\n<p>UID-Nummer:&nbsp;ATU81219478<\/p>\n<p>LOCATION OF REGISTERED BUSINESS <br \/>Franz-Josef-Strasse 17\/8<\/p>\n<p>5020 Salzburg<\/p>\n<p>BANK ACCOUNT<br \/>IBAN:&nbsp;AT20 1500 0001 6125 3521<\/p>\n<p>BIC:&nbsp;OBKLAT2L<\/p>\n<p>Clemonte OG<\/p>\n<p>Franz-Josef Strasse 17\/8<\/p>\n<p>5020 Salzburg<\/p>\n<p>PHONE<br \/>+43\u00a0 660 1621789<\/p>\n<p>MAIL<br \/><a href=\"mailto:hello@clemonte-hotel.com\">hello@clemonte-hotel.com<\/a><\/p>\n<p>CONCEPT &amp; DESIGN<br \/><a href=\"https:\/\/www.studioeliste.com\/\">Studio Eliste<\/a><\/p>\n<p>HOMEPAGE IMPLEMENTATION<br \/><a href=\"https:\/\/bluforce.at\/\">bluforce<\/a><\/p>\n<p>PHOTOGRAPHY<br \/><a href=\"https:\/\/gregorhofbauer.photography\/\">Gregor Hofbauer<\/a><\/p>\n<p>DATA PRIVACY POLICY<\/p>\n<p>\u00a0<\/p>\n<p><strong>1. General information about the content of the website<\/strong><br \/>The content of this website is protected by copyright. The provision of content and images from this website on other websites is permitted only with the express permission of the editors. The information contained on this website is created to the best of our knowledge and checked with great care for accuracy. Nevertheless, content and factual errors can not be completely ruled out. We assume no guarantee and liability for the accuracy, timeliness and completeness of the information provided. All information is provided without warranty. This also applies to all links to other URLs that are mentioned on our website.<\/p>\n<p><strong>2. Content of the online offer<\/strong><br \/>The author reserves the right not to be responsible for the topicality, correctness, completeness or quality of the information provided. Liability claims against the author, which refer to material or immaterial nature, which were caused by the use or disuse of the information provided or by the use of incorrect and incomplete information, are excluded, unless the author proves intentional or grossly negligent Fault is present. All offers are non-binding. The author expressly reserves the right to change, supplement or delete parts of the pages or the entire offer without prior notice or to cease publication temporarily or permanently.<\/p>\n<p><strong>3. References and Links<\/strong><br \/>Bei direkten oder indirekten Verweisen auf externe Webseiten (\u201eLinks\u201c), die au\u00dferhalb des Verantwortungsbereichs des Autors liegen, w\u00fcrde eine Haftungsverpflichtung ausschlie\u00dflich in dem Fall in Kraft treten, in dem der Autor von den Inhalten Kenntnis hat und es ihm technisch m\u00f6glich und zumutbar w\u00e4re, die Nutzung im Falle rechtswidriger Inhalte zu verhindern. Der Autor erkl\u00e4rt hiermit ausdr\u00fccklich, dass zum Zeitpunkt der Linksetzung keine illegalen Inhalte auf den verlinkten Seiten erkennbar waren. Der Autor hat keinerlei Einfluss auf die aktuelle und zuk\u00fcnftige Gestaltung, die Inhalte oder die Urheberschaft der verlinkten Seiten. Deshalb distanziert er sich hiermit ausdr\u00fccklich von allen Inhalten aller verlinkten\/verkn\u00fcpften Seiten, die nach der Linksetzung ver\u00e4ndert wurden. Diese Feststellung gilt f\u00fcr alle innerhalb des eigenen Internetangebots gesetzten Links und Verweise sowie f\u00fcr Fremdeintr\u00e4ge in vom Autor eingerichteten G\u00e4steb\u00fcchern, Diskussionsforen und Mailinglisten. F\u00fcr illegale, fehlerhafte oder unvollst\u00e4ndige Inhalte und insbesondere f\u00fcr Sch\u00e4den, die aus der Nutzung oder Nichtnutzung solcherart dargebotener Informationen entstehen, haftet allein der Anbieter der Seite, auf welche verwiesen wurde, nicht derjenige, der \u00fcber Links auf die jeweilige Ver\u00f6ffentlichung lediglich verweist.<\/p>\n<p><strong>4. Copyright and Trademark Law<\/strong><br \/>Der Autor ist bestrebt, in allen Publikationen die Urheberrechte der verwendeten Grafiken, Tondokumente, Videosequenzen und Texte zu beachten, von ihm selbst erstellte Grafiken, Tondokumente, Videosequenzen und Texte zu nutzen oder auf lizenzfreie Grafiken, Tondokumente, Videosequenzen und Texte zur\u00fcckzugreifen. Alle innerhalb des Internetangebots genannten und ggf. durch Dritte gesch\u00fctzten Marken- und Warenzeichen unterliegen uneingeschr\u00e4nkt den Bestimmungen des jeweils g\u00fcltigen Kennzeichenrechts und den Besitzrechten der jeweiligen eingetragenen Eigent\u00fcmer. Allein aufgrund der blo\u00dfen Nennung ist nicht der Schluss zu ziehen, dass Markenzeichen nicht durch Rechte Dritter gesch\u00fctzt sind! Das Copyright f\u00fcr ver\u00f6ffentlichte, vom Autor selbst erstellte Objekte bleibt allein beim Autor der Seiten. Eine Vervielf\u00e4ltigung oder Verwendung solcher Grafiken, Tondokumente, Videosequenzen und Texte in anderen elektronischen oder gedruckten Publikationen ist ohne ausdr\u00fcckliche Zustimmung des Autor nicht gestattet.<\/p>\n<p><strong>5. Legal enforcement of this disclaimer<\/strong><br \/>This disclaimer is to be regarded as part of the Internet offer, from which reference was made to this page. If sections or individual terms of this statement are not legal or correct, the content or validity of the other parts remain uninfluenced by this fact.<\/p>\n<p><strong>6. Verwendung externer Dienste \/ Tracking, Analyse, Werbung<\/strong><\/p>\n<p><em><strong>6.1 Cookies und Tracking-Technologien generell<\/strong><\/em><br \/>Wir verwenden auf unserer Website Cookies und \u00e4hnliche Technologien (z. B. Pixel, Skripte), um bestimmte Funktionen der Website zu erm\u00f6glichen, f\u00fcr Analysezwecke und f\u00fcr Marketing bzw. Werbung. Bei Ihrem ersten Besuch erhalten Sie ein Cookie-Banner, \u00fcber das Sie entscheiden k\u00f6nnen, welche Kategorien von Cookies (z. B. notwendige, Statistik, Marketing) Sie zulassen m\u00f6chten. Sie k\u00f6nnen Ihre Einwilligungen jederzeit \u00fcber die Cookie-Einstellungen auf der Website widerrufen oder anpassen.<\/p>\n<p><em><strong>6.2 Google Analytics<\/strong><\/em><br \/>Diese Website nutzt <strong>Google Analytics<\/strong>, einen Webanalysedienst der Google LLC. Google Analytics verwendet Cookies, um die Nutzung der Website zu analysieren. Die \u00fcber das Cookie erzeugten Informationen (einschlie\u00dflich Ihrer IP-Adresse) werden an Server von Google in den USA \u00fcbertragen und dort gespeichert. Google wird diese Daten verwenden, um Ihre Nutzung der Website auszuwerten, Berichte \u00fcber Websiteaktivit\u00e4ten zu erstellen und weitere mit der Websitenutzung verbundene Dienstleistungen zu erbringen. Google kann die Daten gegebenenfalls an Dritte weitergeben oder sie im Auftrag Dritter verarbeiten. Sie k\u00f6nnen die Speicherung der Cookies durch eine entsprechende Einstellung Ihrer Browser-Software verhindern oder hier das Browser-Deaktivierungs-Add-on verwenden:<br \/><a href=\"https:\/\/tools.google.com\/dlpage\/gaoptout?hl=de\">https:\/\/tools.google.com\/dlpage\/gaoptout?hl=de<\/a><\/p>\n<p><em><strong>6.3 Google Tag Manager<\/strong><\/em><br \/>Wir setzen <strong>Google Tag Manager<\/strong> ein, um Tags und Tracking-Skripte zentral zu verwalten. Der Tag Manager selbst (als Container) verarbeitet keine personenbezogenen Daten. Er sorgt daf\u00fcr, dass andere Tags (z. B. Google Analytics, Google Ads) ausgel\u00f6st werden. Dennoch ist dieser Einsatz datenschutzrechtlich relevant, da \u00fcber ihn personenbezogene Daten an Drittanbieter weitergegeben werden k\u00f6nnen, h\u00e4ufig in Drittl\u00e4nder (z. B. USA) mit anderen Datenschutzbedingungen. Siehe hierzu auch die Policy von Google zum Tag Manager. (<a title=\"Datenschutz und Sicherheit - Tag Manager-Hilfe\" href=\"https:\/\/support.google.com\/tagmanager\/answer\/9323295?hl=de&amp;utm_source=chatgpt.com\">Google Hilfe<\/a>)<br \/>Wir haben Ma\u00dfnahmen getroffen, um datenschutzrechtliche Anforderungen (z. B. Anonymisierung der IP-Adresse) zu ber\u00fccksichtigen.<\/p>\n<p><em><strong>6.4 Google Ads Conversion Tracking &amp; Remarketing<\/strong><\/em><br \/>Wir verwenden ggf. <strong>Google Ads Conversion Tracking<\/strong> und Remarketing, um den Erfolg unserer Werbekampagnen zu messen und gezielte Werbung zu steuern. Google setzt dazu Cookies, mit denen das Verhalten von Besuchern nachverfolgt werden kann. Die durch diese Cookies erzeugten Informationen werden an Server von Google \u00fcbertragen. Sie k\u00f6nnen personalisierte Werbung durch Google deaktivieren unter:<br \/><a href=\"https:\/\/adssettings.google.com\/\">https:\/\/adssettings.google.com\/<\/a><\/p>\n<p><em><strong>6.5 Meta (Facebook) Pixel<\/strong><\/em><br \/>Unsere Website verwendet den <strong>Meta Pixel<\/strong> von Meta Platforms Ireland Ltd. (\u201eMeta\u201c). Dieser erlaubt es, das Verhalten von Besuchern nachzuverfolgen, insbesondere wenn sie zuvor auf eine Facebook- oder Instagram-Werbeanzeige geklickt haben. So kann die Wirksamkeit von Werbeanzeigen f\u00fcr statistische und Marktforschungszwecke ausgewertet werden und zuk\u00fcnftige Werbema\u00dfnahmen optimiert werden. Die erfassten Daten k\u00f6nnen mit Ihrem Facebook-Nutzerprofil verbunden werden. Meta kann diese Daten auch f\u00fcr eigene Werbezwecke verwenden. Weitere Infos: <a href=\"https:\/\/www.facebook.com\/about\/privacy\">https:\/\/www.facebook.com\/about\/privacy<\/a><br \/>Sie k\u00f6nnen der Erfassung durch den Meta Pixel widersprechen bzw. sie deaktivieren, z. B. in Ihren Facebook-Werbe-Einstellungen:<br \/><a href=\"https:\/\/www.facebook.com\/settings\/?tab=ads\">https:\/\/www.facebook.com\/settings\/?tab=ads<\/a><br \/>Wir haben mit Meta einen Vertrag zur Datenverarbeitung (Auftragsverarbeitung) abgeschlossen, um sicherzustellen, dass Meta Ihre Daten nur gem\u00e4\u00df unseren Anweisungen und unter Einhaltung geltender Datenschutzvorgaben verarbeitet. (<a title=\"Datenschutzerkl\u00e4rung\" href=\"https:\/\/dextro-energy.com\/pages\/datenschutz?srsltid=AfmBOopI3xvH8LbsjZw_he0O1KMWXVKcPDWWv4cb8TX9qusWlTTJe6Zw&amp;utm_source=chatgpt.com\">Dextro Energy*<\/a>)<\/p>\n<hr \/>\n<p><strong>7. Verwendung von Facebook-Plug-ins &amp; Social Media<\/strong><br \/>Diese Website verwendet Plug-ins oder Funktionen von sozialen Netzwerken (z. B. Facebook, Instagram). Wenn Sie eine Seite mit einem solchen Plug-in besuchen, wird eine Verbindung zu den Servern von Facebook hergestellt und Informationen (z. B. welche Seite Sie besucht haben) an Facebook \u00fcbermittelt. Sind Sie bei Facebook eingeloggt, k\u00f6nnen diese Informationen Ihrem Facebook-Konto zugeordnet werden. Wenn Sie mit dem Plug-in interagieren (z. B. \u201eGef\u00e4llt mir\u201c-Button klicken, Kommentar abgeben), wird diese Information ebenfalls Ihrem Konto zugeordnet. N\u00e4heres zur Datenverarbeitung durch Facebook entnehmen Sie bitte den Datenschutzhinweisen von Facebook.<\/p>\n<hr \/>\n<p><strong>8. Online Dispute Resolution acc. Art. 14 para. 1 ODR-VO<\/strong><br \/>The European Commission provides a platform for online dispute resolution (OS platform) at http:\/\/ec.europa.eu\/consumers\/odr\/. <a href=\"\/en\/.\/\">.<\/a> .<\/p>\n<p>\u00a0<\/p>","protected":false},"excerpt":{"rendered":"<p>IMPRINT &amp; PRIVACY GEWERBEREGISTER Hotel FN&nbsp;637618z, Landesgericht Salzburg&nbsp; UID-Nummer:&nbsp;ATU81219478 STANDORT DES REGISTRIERTEN UNTERNEHMENS Franz-Josef-Strasse 17\/8 5020 Salzburg BANKVERBINDUNGIBAN:&nbsp;AT20 1500 0001 6125 3521 BIC:&nbsp;OBKLAT2L Clemonte OG Franz-Josef Strasse 17\/8 5020 Salzburg TELEFON+43\u00a0 660 1621789 E-MAILhello@clemonte-hotel.com KONZEPT &amp; DESIGNStudio Eliste HOMEPAGE UMSETZUNGbluforce FOTOGRAFIEGregor Hofbauer DATENSCHUTZRICHTLINIEN \u00a0 1. Allgemeine Informationen zum Inhalt der WebsiteDer Inhalt dieser Website ist [&hellip;]<\/p>\n","protected":false},"author":1,"featured_media":0,"parent":0,"menu_order":0,"comment_status":"closed","ping_status":"closed","template":"","meta":{"_monsterinsights_skip_tracking":false,"_monsterinsights_sitenote_active":false,"_monsterinsights_sitenote_note":"","_monsterinsights_sitenote_category":0,"footnotes":""},"class_list":["post-1116","page","type-page","status-publish","hentry"],"aioseo_notices":[],"_links":{"self":[{"href":"https:\/\/clemonte-hotel.com\/en\/wp-json\/wp\/v2\/pages\/1116","targetHints":{"allow":["GET"]}}],"collection":[{"href":"https:\/\/clemonte-hotel.com\/en\/wp-json\/wp\/v2\/pages"}],"about":[{"href":"https:\/\/clemonte-hotel.com\/en\/wp-json\/wp\/v2\/types\/page"}],"author":[{"embeddable":true,"href":"https:\/\/clemonte-hotel.com\/en\/wp-json\/wp\/v2\/users\/1"}],"replies":[{"embeddable":true,"href":"https:\/\/clemonte-hotel.com\/en\/wp-json\/wp\/v2\/comments?post=1116"}],"version-history":[{"count":96,"href":"https:\/\/clemonte-hotel.com\/en\/wp-json\/wp\/v2\/pages\/1116\/revisions"}],"predecessor-version":[{"id":4765,"href":"https:\/\/clemonte-hotel.com\/en\/wp-json\/wp\/v2\/pages\/1116\/revisions\/4765"}],"wp:attachment":[{"href":"https:\/\/clemonte-hotel.com\/en\/wp-json\/wp\/v2\/media?parent=1116"}],"curies":[{"name":"wp","href":"https:\/\/api.w.org\/{rel}","templated":true}]}}